{"id":1481,"date":"2014-02-28T21:23:57","date_gmt":"2014-02-28T21:23:57","guid":{"rendered":"http:\/\/www.aoc-training.de\/?page_id=1481"},"modified":"2023-07-05T22:50:04","modified_gmt":"2023-07-05T20:50:04","slug":"super-english-learning","status":"publish","type":"page","link":"https:\/\/www.aoc-training.de\/de\/englisch\/super-english-learning\/","title":{"rendered":"Super-English-Learning"},"content":{"rendered":"<div id='av_section_1'  class='avia-section av-4s3szd-700490a76fc81bfd211500386bba5e86 main_color avia-section-default avia-no-shadow  avia-builder-el-0  el_before_av_section  avia-builder-el-first  avia-bg-style-scroll container_wrap fullsize'  ><div class='container av-section-cont-open' ><main  role=\"main\" itemprop=\"mainContentOfPage\"  class='template-page content  av-content-full alpha units'><div class='post-entry post-entry-type-page post-entry-1481'><div class='entry-content-wrapper clearfix'>\n\n<style type=\"text\/css\" data-created_by=\"avia_inline_auto\" id=\"style-css-av-19e2jrt-4ddf45b0979005e2c4c63889d532d03a\">\n.avia-image-container.av-19e2jrt-4ddf45b0979005e2c4c63889d532d03a img.avia_image{\nbox-shadow:none;\n}\n.avia-image-container.av-19e2jrt-4ddf45b0979005e2c4c63889d532d03a .av-image-caption-overlay-center{\ncolor:#ffffff;\n}\n<\/style>\n<div  class='avia-image-container av-19e2jrt-4ddf45b0979005e2c4c63889d532d03a av-styling- avia-align-center  avia-builder-el-1  avia-builder-el-no-sibling '   itemprop=\"image\" itemscope=\"itemscope\" itemtype=\"https:\/\/schema.org\/ImageObject\" ><div class=\"avia-image-container-inner\"><div class=\"avia-image-overlay-wrap\"><img decoding=\"async\" fetchpriority=\"high\" class='wp-image-2737 avia-img-lazy-loading-not-2737 avia_image ' src=\"https:\/\/www.aoc-training.de\/wp-content\/uploads\/2023\/07\/18-super-english-learning-AOC1.gif\" alt='' title='18-super-english-learning-AOC1'  height=\"430\" width=\"1500\"  itemprop=\"thumbnailUrl\"  \/><\/div><\/div><\/div>\n\n<\/div><\/div><\/main><!-- close content main element --><\/div><\/div><div id='av_section_2'  class='avia-section av-17bqsm1-58db0dd9361dc30bf71cb084df143c4d main_color avia-section-default avia-no-shadow  avia-builder-el-2  el_after_av_section  el_before_av_section  avia-bg-style-scroll container_wrap fullsize'  ><div class='container av-section-cont-open' ><div class='template-page content  av-content-full alpha units'><div class='post-entry post-entry-type-page post-entry-1481'><div class='entry-content-wrapper clearfix'>\n<div  class='flex_column av-15yo17t-f4466a0800a2597e893d5df529aea0ae av_two_third  avia-builder-el-3  avia-builder-el-no-sibling  first flex_column_div  '     ><p>\n<style type=\"text\/css\" data-created_by=\"avia_inline_auto\" id=\"style-css-av-14ozfyx-8c5d5dc740a5008e8edc0db52b181d71\">\n#top .av-special-heading.av-14ozfyx-8c5d5dc740a5008e8edc0db52b181d71{\npadding-bottom:18px;\nfont-size:28px;\n}\nbody .av-special-heading.av-14ozfyx-8c5d5dc740a5008e8edc0db52b181d71 .av-special-heading-tag .heading-char{\nfont-size:25px;\n}\n#top #wrap_all .av-special-heading.av-14ozfyx-8c5d5dc740a5008e8edc0db52b181d71 .av-special-heading-tag{\nfont-size:28px;\n}\n.av-special-heading.av-14ozfyx-8c5d5dc740a5008e8edc0db52b181d71 .av-subheading{\nfont-size:15px;\n}\n\n@media only screen and (min-width: 480px) and (max-width: 767px){ \n#top #wrap_all .av-special-heading.av-14ozfyx-8c5d5dc740a5008e8edc0db52b181d71 .av-special-heading-tag{\nfont-size:0.8em;\n}\n}\n\n@media only screen and (max-width: 479px){ \n#top #wrap_all .av-special-heading.av-14ozfyx-8c5d5dc740a5008e8edc0db52b181d71 .av-special-heading-tag{\nfont-size:0.8em;\n}\n}\n<\/style>\n<div  class='av-special-heading av-14ozfyx-8c5d5dc740a5008e8edc0db52b181d71 av-special-heading-h2 blockquote modern-quote  avia-builder-el-4  el_before_av_textblock  avia-builder-el-first  av-inherit-size'><h2 class='av-special-heading-tag'  itemprop=\"headline\"  >Jede\/r kann Englisch sprechen lernen<\/h2><div class=\"special-heading-border\"><div class=\"special-heading-inner-border\"><\/div><\/div><\/div><br \/>\n<section  class='av_textblock_section av-12kadtl-771eb372c60de35d1730825d98d9aa2b '   itemscope=\"itemscope\" itemtype=\"https:\/\/schema.org\/CreativeWork\" ><div class='avia_textblock'  itemprop=\"text\" ><p><span class='av_dropcap1 av-av_dropcap1-3cd9da5fea0ef5fb27aee617571c39a3'>D<\/span>ieser Ansatz basiert auf der \u201eSuper Learning\u201c Methode und den neuesten Erkenntnissen der Gehirnforschung.\u00a0 Er geht auf jeden individuellen Lerntyp ein. Die Methode ist abwechslungsreich, stressfrei, kreativ, spielerisch, strukturiert und sehr motivierend. Somit wird der Lernprozess beschleunigt und es werden Lernblockaden abgebaut.\u00a0 Im Vordergrund steht die Umsetzung des Gelernten in Ihr Leben bzw. in Ihre unmittelbare berufliche Praxis.<span style=\"text-decoration: underline;\"><br \/>\n<\/span><\/p>\n<\/div><\/section><\/p><\/div>\n\n<\/div><\/div><\/div><!-- close content main div --><\/div><\/div><div id='av_section_3'  class='avia-section av-11mloex-e47e6171006334dc8a5bb986f0870e25 main_color avia-section-default avia-no-shadow  avia-builder-el-6  el_after_av_section  el_before_av_section  avia-bg-style-scroll container_wrap fullsize'  ><div class='container av-section-cont-open' ><div class='template-page content  av-content-full alpha units'><div class='post-entry post-entry-type-page post-entry-1481'><div class='entry-content-wrapper clearfix'>\n<div  class='flex_column av-z07eg9-bd1e60a61f5f25c73e3a02db2ac25f6e av_two_third  avia-builder-el-7  avia-builder-el-no-sibling  first flex_column_div  '     ><p>\n<style type=\"text\/css\" data-created_by=\"avia_inline_auto\" id=\"style-css-av-yj7ouh-2ef5ddd6f1f2c96998958e01c6eaec39\">\n#top .av-special-heading.av-yj7ouh-2ef5ddd6f1f2c96998958e01c6eaec39{\npadding-bottom:18px;\nfont-size:28px;\n}\nbody .av-special-heading.av-yj7ouh-2ef5ddd6f1f2c96998958e01c6eaec39 .av-special-heading-tag .heading-char{\nfont-size:25px;\n}\n#top #wrap_all .av-special-heading.av-yj7ouh-2ef5ddd6f1f2c96998958e01c6eaec39 .av-special-heading-tag{\nfont-size:28px;\n}\n.av-special-heading.av-yj7ouh-2ef5ddd6f1f2c96998958e01c6eaec39 .av-subheading{\nfont-size:15px;\n}\n\n@media only screen and (min-width: 480px) and (max-width: 767px){ \n#top #wrap_all .av-special-heading.av-yj7ouh-2ef5ddd6f1f2c96998958e01c6eaec39 .av-special-heading-tag{\nfont-size:0.8em;\n}\n}\n\n@media only screen and (max-width: 479px){ \n#top #wrap_all .av-special-heading.av-yj7ouh-2ef5ddd6f1f2c96998958e01c6eaec39 .av-special-heading-tag{\nfont-size:0.8em;\n}\n}\n<\/style>\n<div  class='av-special-heading av-yj7ouh-2ef5ddd6f1f2c96998958e01c6eaec39 av-special-heading-h3 blockquote modern-quote  avia-builder-el-8  el_before_av_textblock  avia-builder-el-first  av-inherit-size'><h3 class='av-special-heading-tag'  itemprop=\"headline\"  >Themen<\/h3><div class=\"special-heading-border\"><div class=\"special-heading-inner-border\"><\/div><\/div><\/div><br \/>\n<section  class='av_textblock_section av-wapgfd-0c3dbd377f6d657b88e73ff9743f4af7 '   itemscope=\"itemscope\" itemtype=\"https:\/\/schema.org\/CreativeWork\" ><div class='avia_textblock'  itemprop=\"text\" ><p>Alle Stufen<\/p>\n<p><b>Allgemeines Englisch<\/b><\/p>\n<p>Die Inhalte basieren auf dem \u201e<a href=\"http:\/\/de.wikipedia.org\/wiki\/Gemeinsamer_Europ%C3%A4ischer_Referenzrahmen\">Gemeinsamer Europ\u00e4ischer Referenzrahmen<\/a>\u201c.<\/p>\n<ul>\n<li>Allt\u00e4gliches Englisch<\/li>\n<li>Small Talk &amp; Konversation Englisch<\/li>\n<li>Urlaubs- und Reise-Englisch<\/li>\n<li>Grammatik und Wortschatz<\/li>\n<\/ul>\n<p><b>Gesch\u00e4ftsenglisch <\/b><\/p>\n<ul>\n<li>Englisch f\u00fcr Berufst\u00e4tige: Banker, Assistenten, IT-Spezialisten, Mediziner, Musiker, K\u00fcnstler, und mehr<\/li>\n<li>Small Talk in der Gesch\u00e4ftswelt<\/li>\n<li>Telefonieren<\/li>\n<li>Besprechungen<\/li>\n<li>Korrespondenz<\/li>\n<li>Und mehr<\/li>\n<\/ul>\n<\/div><\/section><\/p><\/div><\/div><\/div><\/div><!-- close content main div --><\/div><\/div>\n<style type=\"text\/css\" data-created_by=\"avia_inline_auto\" id=\"style-css-av-ljpvh2yn-26935385bea0bf09a73f23bd22b9c589\">\n.avia-section.av-ljpvh2yn-26935385bea0bf09a73f23bd22b9c589{\nbackground-color:#e2edd0;\nbackground-image:unset;\n}\n<\/style>\n<div id='av_section_4'  class='avia-section av-ljpvh2yn-26935385bea0bf09a73f23bd22b9c589 main_color avia-section-default avia-no-shadow  avia-builder-el-10  el_after_av_section  el_before_av_section  avia-bg-style-scroll container_wrap fullsize'  ><div class='container av-section-cont-open' ><div class='template-page content  av-content-full alpha units'><div class='post-entry post-entry-type-page post-entry-1481'><div class='entry-content-wrapper clearfix'>\n<div  class='flex_column av-av_one_half-516b7eac7a9c6cd1b746245801c7486c av_one_half  avia-builder-el-11  el_before_av_one_half  avia-builder-el-first  first flex_column_div  '     ><p>\n<style type=\"text\/css\" data-created_by=\"avia_inline_auto\" id=\"style-css-av-ljpvbtyt-ceefa05f6568adec7a2c6dff83a3fec1\">\n#top .av-special-heading.av-ljpvbtyt-ceefa05f6568adec7a2c6dff83a3fec1{\npadding-bottom:18px;\nfont-size:28px;\n}\nbody .av-special-heading.av-ljpvbtyt-ceefa05f6568adec7a2c6dff83a3fec1 .av-special-heading-tag .heading-char{\nfont-size:25px;\n}\n#top #wrap_all .av-special-heading.av-ljpvbtyt-ceefa05f6568adec7a2c6dff83a3fec1 .av-special-heading-tag{\nfont-size:28px;\n}\n.av-special-heading.av-ljpvbtyt-ceefa05f6568adec7a2c6dff83a3fec1 .av-subheading{\nfont-size:15px;\n}\n\n@media only screen and (min-width: 480px) and (max-width: 767px){ \n#top #wrap_all .av-special-heading.av-ljpvbtyt-ceefa05f6568adec7a2c6dff83a3fec1 .av-special-heading-tag{\nfont-size:0.8em;\n}\n}\n\n@media only screen and (max-width: 479px){ \n#top #wrap_all .av-special-heading.av-ljpvbtyt-ceefa05f6568adec7a2c6dff83a3fec1 .av-special-heading-tag{\nfont-size:0.8em;\n}\n}\n<\/style>\n<div  class='av-special-heading av-ljpvbtyt-ceefa05f6568adec7a2c6dff83a3fec1 av-special-heading-h3 blockquote modern-quote  avia-builder-el-12  el_before_av_textblock  avia-builder-el-first  av-inherit-size'><h3 class='av-special-heading-tag'  itemprop=\"headline\"  >AOC Top <b>Kompaktangebot<\/b><\/h3><div class=\"special-heading-border\"><div class=\"special-heading-inner-border\"><\/div><\/div><\/div><br \/>\n<section  class='av_textblock_section av-ljpvcc7s-10d48adb58e757409b615a7c6a9fd56c '   itemscope=\"itemscope\" itemtype=\"https:\/\/schema.org\/CreativeWork\" ><div class='avia_textblock'  itemprop=\"text\" ><p><strong>Entdecken Sie unser AOC Top Kompaktangebot!<\/strong><\/p>\n<p style=\"font-weight: 400;\"><strong>Auf dem globalen Spielfeld sind F\u00e4higkeiten wie Pr\u00e4sentation, Kommunikation, pers\u00f6nliche Entwicklung, Verkauf und Verhandlung sowie Kundenservice von gro\u00dfer Bedeutung. Unser Kompaktangebot bietet Ihnen eine einzigartige Gelegenheit, diese wichtigen Gesch\u00e4ftsthemen zu vertiefen und gleichzeitig Ihre Englischkenntnisse zu verbessern.<\/strong><\/p>\n<p style=\"font-weight: 400;\"><strong>F\u00fcr detailliertere Informationen <a href=\"mailto:info@aoc-training.de\">kontaktieren<\/a> Sie uns gerne!<\/strong><\/p>\n<\/div><\/section><br \/>\n<div  class='avia-button-wrap av-ljpvdqu5-23d5df70821dc162d64d86ca1a75561b-wrap avia-button-left  avia-builder-el-14  el_after_av_textblock  avia-builder-el-last '><a href='https:\/\/www.aoc-training.de\/de\/kontakt\/'  class='avia-button av-ljpvdqu5-23d5df70821dc162d64d86ca1a75561b avia-icon_select-no avia-size-small avia-position-left avia-color-theme-color'  ><span class='avia_iconbox_title' >KONTAKTIEREN SIE UNS<\/span><\/a><\/div><\/p><\/div><div  class='flex_column av-av_one_half-f73a11ccd29996a2a11249d534554c23 av_one_half  avia-builder-el-15  el_after_av_one_half  avia-builder-el-last  flex_column_div  '     ><div  class='avia-video av-ljpvf9ii-5fccdd49fcd6630383a4a7ab43e05b03 avia-video-16-9 av-no-preview-image avia-video-load-always av-lazyload-immediate av-lazyload-video-embed'  itemprop=\"video\" itemtype=\"https:\/\/schema.org\/VideoObject\"  data-original_url='https:\/\/www.youtube.com\/watch?v=Xw0QvG82grk'><script type='text\/html' class='av-video-tmpl'><div class='avia-iframe-wrap'><iframe loading=\"lazy\" title=\"AOC - Training\" width=\"1500\" height=\"844\" src=\"https:\/\/www.youtube.com\/embed\/Xw0QvG82grk?feature=oembed&autoplay=0&loop=0&controls=1&mute=0\" frameborder=\"0\" allow=\"accelerometer; autoplay; clipboard-write; encrypted-media; gyroscope; picture-in-picture; web-share\" allowfullscreen><\/iframe><\/div><\/script><div class='av-click-to-play-overlay'><div class=\"avia_playpause_icon\"><\/div><\/div><\/div><\/div>\n<\/p>\n<\/div><\/div><\/div><!-- close content main div --><\/div><\/div><div id='av_section_5'  class='avia-section av-30jcq1-171b3a685d186053d9c08519edb55d3e main_color avia-section-default avia-no-shadow  avia-builder-el-17  el_after_av_section  el_before_av_section  avia-bg-style-scroll container_wrap fullsize'  ><div class='container av-section-cont-open' ><div class='template-page content  av-content-full alpha units'><div class='post-entry post-entry-type-page post-entry-1481'><div class='entry-content-wrapper clearfix'>\n<div  class='flex_column av-st42d5-b1f4e26697952f9785ff8d84df2fffd4 av_one_half  avia-builder-el-18  el_before_av_one_half  avia-builder-el-first  first flex_column_div  '     ><p>\n<style type=\"text\/css\" data-created_by=\"avia_inline_auto\" id=\"style-css-av-rir97d-9b7c5cc4b8ecb47f947cf8a7c0c2c73c\">\n#top .av-special-heading.av-rir97d-9b7c5cc4b8ecb47f947cf8a7c0c2c73c{\npadding-bottom:18px;\nfont-size:28px;\n}\nbody .av-special-heading.av-rir97d-9b7c5cc4b8ecb47f947cf8a7c0c2c73c .av-special-heading-tag .heading-char{\nfont-size:25px;\n}\n#top #wrap_all .av-special-heading.av-rir97d-9b7c5cc4b8ecb47f947cf8a7c0c2c73c .av-special-heading-tag{\nfont-size:28px;\n}\n.av-special-heading.av-rir97d-9b7c5cc4b8ecb47f947cf8a7c0c2c73c .av-subheading{\nfont-size:15px;\n}\n\n@media only screen and (min-width: 480px) and (max-width: 767px){ \n#top #wrap_all .av-special-heading.av-rir97d-9b7c5cc4b8ecb47f947cf8a7c0c2c73c .av-special-heading-tag{\nfont-size:0.8em;\n}\n}\n\n@media only screen and (max-width: 479px){ \n#top #wrap_all .av-special-heading.av-rir97d-9b7c5cc4b8ecb47f947cf8a7c0c2c73c .av-special-heading-tag{\nfont-size:0.8em;\n}\n}\n<\/style>\n<div  class='av-special-heading av-rir97d-9b7c5cc4b8ecb47f947cf8a7c0c2c73c av-special-heading-h2 blockquote modern-quote  avia-builder-el-19  el_before_av_textblock  avia-builder-el-first  av-inherit-size'><h2 class='av-special-heading-tag'  itemprop=\"headline\"  >Ihre Nutzen<\/h2><div class=\"special-heading-border\"><div class=\"special-heading-inner-border\"><\/div><\/div><\/div><br \/>\n<section  class='av_textblock_section av-qducih-5d66e0349dadd84b5c762af5bffd8709 '   itemscope=\"itemscope\" itemtype=\"https:\/\/schema.org\/CreativeWork\" ><div class='avia_textblock'  itemprop=\"text\" ><p><span style=\"line-height: 1.5em;\">Im Anschluss an das Coaching sprechen Sie die Sprache flie\u00dfender. Sie verf\u00fcgen \u00fcber einen erweiterten Wortschatz und sind durch die \u00dcbung in der Lage, in einem Gespr\u00e4ch viel schneller auf Vokabeln zur\u00fcckzugreifen. Insgesamt gewinnen Sie an Selbstsicherheit und verlieren die Scheu, sich in der Fremdsprache auszudr\u00fccken.\u00a0<\/span><\/p>\n<\/div><\/section><\/p><\/div><div  class='flex_column av-ncuy89-2edccdde9b77477e6479ab54c2fc597a av_one_half  avia-builder-el-21  el_after_av_one_half  avia-builder-el-last  flex_column_div  '     ><p>\n<style type=\"text\/css\" data-created_by=\"avia_inline_auto\" id=\"style-css-av-meyqrd-4d37f11930258f9e4a507f4d537a0656\">\n#top .av-special-heading.av-meyqrd-4d37f11930258f9e4a507f4d537a0656{\npadding-bottom:18px;\nfont-size:28px;\n}\nbody .av-special-heading.av-meyqrd-4d37f11930258f9e4a507f4d537a0656 .av-special-heading-tag .heading-char{\nfont-size:25px;\n}\n#top #wrap_all .av-special-heading.av-meyqrd-4d37f11930258f9e4a507f4d537a0656 .av-special-heading-tag{\nfont-size:28px;\n}\n.av-special-heading.av-meyqrd-4d37f11930258f9e4a507f4d537a0656 .av-subheading{\nfont-size:15px;\n}\n\n@media only screen and (min-width: 480px) and (max-width: 767px){ \n#top #wrap_all .av-special-heading.av-meyqrd-4d37f11930258f9e4a507f4d537a0656 .av-special-heading-tag{\nfont-size:0.8em;\n}\n}\n\n@media only screen and (max-width: 479px){ \n#top #wrap_all .av-special-heading.av-meyqrd-4d37f11930258f9e4a507f4d537a0656 .av-special-heading-tag{\nfont-size:0.8em;\n}\n}\n<\/style>\n<div  class='av-special-heading av-meyqrd-4d37f11930258f9e4a507f4d537a0656 av-special-heading-h2 blockquote modern-quote  avia-builder-el-22  el_before_av_textblock  avia-builder-el-first  av-inherit-size'><h2 class='av-special-heading-tag'  itemprop=\"headline\"  >F\u00fcr Wen<\/h2><div class=\"special-heading-border\"><div class=\"special-heading-inner-border\"><\/div><\/div><\/div><br \/>\n<section  class='av_textblock_section av-ka43zt-0935fb47fa432641be5343f697d0b594 '   itemscope=\"itemscope\" itemtype=\"https:\/\/schema.org\/CreativeWork\" ><div class='avia_textblock'  itemprop=\"text\" ><ul>\n<li><span style=\"line-height: 1.5em;\">Firmen, die mehr Erfolg durch gekonnte Englischsprachkenntnisse erreichen wollen.<\/span><\/li>\n<li><span style=\"line-height: 1.5em;\">Erwachsene<\/span><\/li>\n<li><span style=\"line-height: 1.5em;\">Alle Niveaus \u2013 Anf\u00e4ngern bis Fortgeschrittene<\/span><\/li>\n<li><span style=\"line-height: 1.5em;\">F\u00fcr alle Menschen, die sich f\u00fcr eine praxisorientierte Ausbildung, Anwendung und Erweiterung Ihres englischen Sprachverm\u00f6gens interessieren.<\/span><\/li>\n<li><span style=\"line-height: 1.5em;\">Alle die gerne mit mehr Selbstbewusstsein, &#8211; d.h. ohne Sprechhemmungen &#8211; sprechen wollen<\/span><\/li>\n<\/ul>\n<\/div><\/section><\/p><\/div>\n\n<\/div><\/div><\/div><!-- close content main div --><\/div><\/div><div id='av_section_6'  class='avia-section av-iyg5ax-5947f3ae36838dacd9f492a262176b7c main_color avia-section-default avia-no-shadow  avia-builder-el-24  el_after_av_section  el_before_av_section  avia-bg-style-scroll container_wrap fullsize'  ><div class='container av-section-cont-open' ><div class='template-page content  av-content-full alpha units'><div class='post-entry post-entry-type-page post-entry-1481'><div class='entry-content-wrapper clearfix'>\n<div  class='flex_column av-hgnf2x-63a8310e6098467fe6bc3e73c3ffda68 av_one_half  avia-builder-el-25  el_before_av_one_half  avia-builder-el-first  first flex_column_div  '     ><p>\n<style type=\"text\/css\" data-created_by=\"avia_inline_auto\" id=\"style-css-av-fl2ahl-a13fc242057e6130c7623134e0cf6ccc\">\n#top .av-special-heading.av-fl2ahl-a13fc242057e6130c7623134e0cf6ccc{\npadding-bottom:18px;\nfont-size:28px;\n}\nbody .av-special-heading.av-fl2ahl-a13fc242057e6130c7623134e0cf6ccc .av-special-heading-tag .heading-char{\nfont-size:25px;\n}\n#top #wrap_all .av-special-heading.av-fl2ahl-a13fc242057e6130c7623134e0cf6ccc .av-special-heading-tag{\nfont-size:28px;\n}\n.av-special-heading.av-fl2ahl-a13fc242057e6130c7623134e0cf6ccc .av-subheading{\nfont-size:15px;\n}\n\n@media only screen and (min-width: 480px) and (max-width: 767px){ \n#top #wrap_all .av-special-heading.av-fl2ahl-a13fc242057e6130c7623134e0cf6ccc .av-special-heading-tag{\nfont-size:0.8em;\n}\n}\n\n@media only screen and (max-width: 479px){ \n#top #wrap_all .av-special-heading.av-fl2ahl-a13fc242057e6130c7623134e0cf6ccc .av-special-heading-tag{\nfont-size:0.8em;\n}\n}\n<\/style>\n<div  class='av-special-heading av-fl2ahl-a13fc242057e6130c7623134e0cf6ccc av-special-heading-h2 blockquote modern-quote  avia-builder-el-26  el_before_av_textblock  avia-builder-el-first  av-inherit-size'><h2 class='av-special-heading-tag'  itemprop=\"headline\"  >Wie<\/h2><div class=\"special-heading-border\"><div class=\"special-heading-inner-border\"><\/div><\/div><\/div><br \/>\n<section  class='av_textblock_section av-e9ieeh-a8ed27a699e079c59ec0744303c8f1ce '   itemscope=\"itemscope\" itemtype=\"https:\/\/schema.org\/CreativeWork\" ><div class='avia_textblock'  itemprop=\"text\" ><p><b>Mit einem pers\u00f6nlichen Sprachcoach<\/b><\/p>\n<p>Hier stehen Sie &#8212; mit Ihren W\u00fcnschen, Zielen und Bed\u00fcrfnissen &#8212; im Mittelpunkt.<\/p>\n<p>Zertifizierte und erfahrene Trainer und Muttersprachler, die auch flie\u00dfend Deutsch sprechen, begleiten Sie.<\/p>\n<\/div><\/section><\/p><\/div><div  class='flex_column av-czx0w9-ce4881e8f6229b39bc0343d32b6b228c av_one_half  avia-builder-el-28  el_after_av_one_half  avia-builder-el-last  flex_column_div  '     ><p>\n<style type=\"text\/css\" data-created_by=\"avia_inline_auto\" id=\"style-css-av-a82mqx-1173211642ca9522bd54d3d04859c278\">\n#top .av-special-heading.av-a82mqx-1173211642ca9522bd54d3d04859c278{\npadding-bottom:18px;\nfont-size:28px;\n}\nbody .av-special-heading.av-a82mqx-1173211642ca9522bd54d3d04859c278 .av-special-heading-tag .heading-char{\nfont-size:25px;\n}\n#top #wrap_all .av-special-heading.av-a82mqx-1173211642ca9522bd54d3d04859c278 .av-special-heading-tag{\nfont-size:28px;\n}\n.av-special-heading.av-a82mqx-1173211642ca9522bd54d3d04859c278 .av-subheading{\nfont-size:15px;\n}\n\n@media only screen and (min-width: 480px) and (max-width: 767px){ \n#top #wrap_all .av-special-heading.av-a82mqx-1173211642ca9522bd54d3d04859c278 .av-special-heading-tag{\nfont-size:0.8em;\n}\n}\n\n@media only screen and (max-width: 479px){ \n#top #wrap_all .av-special-heading.av-a82mqx-1173211642ca9522bd54d3d04859c278 .av-special-heading-tag{\nfont-size:0.8em;\n}\n}\n<\/style>\n<div  class='av-special-heading av-a82mqx-1173211642ca9522bd54d3d04859c278 av-special-heading-h2 blockquote modern-quote  avia-builder-el-29  el_before_av_textblock  avia-builder-el-first  av-inherit-size'><h2 class='av-special-heading-tag'  itemprop=\"headline\"  >Wo<\/h2><div class=\"special-heading-border\"><div class=\"special-heading-inner-border\"><\/div><\/div><\/div><br \/>\n<section  class='av_textblock_section av-9gw6zd-e2a62094b3c28f6c2692ca7d37519185 '   itemscope=\"itemscope\" itemtype=\"https:\/\/schema.org\/CreativeWork\" ><div class='avia_textblock'  itemprop=\"text\" ><ul>\n<li><strong>AOC <\/strong>kann virtuell zu Ihnen \u201areisen\u2018 \u2013 \u00fcberall auf der Welt!<strong style=\"font-style: inherit;\">\u00a0<\/strong><\/li>\n<\/ul>\n<ul>\n<li><strong>Das AOC-Trainingsprogramm <\/strong>kommt virtuell in Ihr Unternehmen und enth\u00e4lt alles, was f\u00fcr das Training Ihres Teams erforderlich ist. Dabei kommt unser Ansatz des \u201eAccelerated Learnings\u201c zum Einsatz, der wiederum die Qualit\u00e4t und die Ergebnisse Ihrer Trainingsprogramme verbessert und die Arbeitseffizienz steigert.<\/li>\n<li><strong>Privates Coaching<\/strong>\n<ul>\n<li>Bei AOC, 14109 Berlin, Deutschland<\/li>\n<li>Bei AOC, 4048 Linz, \u00d6sterreich<\/li>\n<li>Online, \u00fcber Zoom, Teams, FaceTime, WhatsApp oder andere Plattformen<\/li>\n<\/ul>\n<\/li>\n<\/ul>\n<\/div><\/section><\/p><\/div>\n\n<\/div><\/div><\/div><!-- close content main div --><\/div><\/div><div id='av_section_7'  class='avia-section av-7m8adl-ac999d2892ab462c7b3a5da71ccdf21b main_color avia-section-default avia-no-shadow  avia-builder-el-31  el_after_av_section  avia-builder-el-last  avia-bg-style-scroll container_wrap fullsize'  ><div class='container av-section-cont-open' ><div class='template-page content  av-content-full alpha units'><div class='post-entry post-entry-type-page post-entry-1481'><div class='entry-content-wrapper clearfix'>\n<div  class='flex_column av-6im3s9-d30c2d676982f57a5206b52cf3909da7 av_two_third  avia-builder-el-32  avia-builder-el-no-sibling  first flex_column_div  '     ><p>\n<style type=\"text\/css\" data-created_by=\"avia_inline_auto\" id=\"style-css-av-499fop-2dfe08bde849689dd52fea66b12b9ee0\">\n#top .av-special-heading.av-499fop-2dfe08bde849689dd52fea66b12b9ee0{\npadding-bottom:18px;\nfont-size:28px;\n}\nbody .av-special-heading.av-499fop-2dfe08bde849689dd52fea66b12b9ee0 .av-special-heading-tag .heading-char{\nfont-size:25px;\n}\n#top #wrap_all .av-special-heading.av-499fop-2dfe08bde849689dd52fea66b12b9ee0 .av-special-heading-tag{\nfont-size:28px;\n}\n.av-special-heading.av-499fop-2dfe08bde849689dd52fea66b12b9ee0 .av-subheading{\nfont-size:15px;\n}\n\n@media only screen and (min-width: 480px) and (max-width: 767px){ \n#top #wrap_all .av-special-heading.av-499fop-2dfe08bde849689dd52fea66b12b9ee0 .av-special-heading-tag{\nfont-size:0.8em;\n}\n}\n\n@media only screen and (max-width: 479px){ \n#top #wrap_all .av-special-heading.av-499fop-2dfe08bde849689dd52fea66b12b9ee0 .av-special-heading-tag{\nfont-size:0.8em;\n}\n}\n<\/style>\n<div  class='av-special-heading av-499fop-2dfe08bde849689dd52fea66b12b9ee0 av-special-heading-h2 blockquote modern-quote  avia-builder-el-33  el_before_av_textblock  avia-builder-el-first  av-inherit-size'><h2 class='av-special-heading-tag'  itemprop=\"headline\"  >Mehr \u00fcber die Methode<\/h2><div class=\"special-heading-border\"><div class=\"special-heading-inner-border\"><\/div><\/div><\/div><br \/>\n<section  class='av_textblock_section av-386ruh-19ea8c10a1d21b03c693aad7290b265e '   itemscope=\"itemscope\" itemtype=\"https:\/\/schema.org\/CreativeWork\" ><div class='avia_textblock'  itemprop=\"text\" ><p>F\u00fcr diese Methode existieren drei Begriffe: Superlearning, Suggestop\u00e4die und Accelerated Learning. Der Bulgare Dr. Georgi Lozanov entwickelte die Suggestop\u00e4die in den 60er Jahren des vergangenen Jahrhunderts. Seither wurde die Methode weiterentwickelt und mit gro\u00dfem Erfolg in verschiedenen Bereichen des Unterrichts eingesetzt. Vor allem f\u00fcr den Fremdsprachenunterricht ist sie besonders geeignet.<\/p>\n<p>Sie zapft die Reservekapazit\u00e4ten des Gehirns sowohl auf der Ebene des Intellekts als auch des Ged\u00e4chtnisses an mit dem Ergebnis, dass die Aussprache sowie das Aneignen von Vokabeln und grammatischen Strukturen erleichtert werden.<\/p>\n<p>Ganzheitliches Lehren und die Idee der positiven Beeinflussung des Lernens vermitteln\u00a0 Lernfreude und ein spielerisches Herangehen an das Lernen. Die Lerngeschwindigkeit wird erheblich gesteigert, das Langzeitged\u00e4chtnis verst\u00e4rkt aktiviert. Komplexe und abstrakte Lerninhalte k\u00f6nnen effektiv, stressfrei und motivierend vermittelt werden.<\/p>\n<p>Dar\u00fcber hinaus und gleichberechtigt in seiner Lernbedeutung sind die F\u00f6rderung des Vertrauens in die eigenen Lernf\u00e4higkeiten und der Abbau von Lernblockaden (z.B. Sprechhemmungen). Ganzheitliches Lernen in einer angstfreien Umgebung f\u00fchrt zu hoher Motivation, die letztendlich der Schl\u00fcssel zum Erfolg ist.<\/p>\n<\/div><\/section><\/p><\/div>\n\n","protected":false},"excerpt":{"rendered":"","protected":false},"author":1,"featured_media":0,"parent":1478,"menu_order":0,"comment_status":"closed","ping_status":"closed","template":"","meta":{"footnotes":""},"class_list":["post-1481","page","type-page","status-publish","hentry"],"_links":{"self":[{"href":"https:\/\/www.aoc-training.de\/de\/wp-json\/wp\/v2\/pages\/1481","targetHints":{"allow":["GET"]}}],"collection":[{"href":"https:\/\/www.aoc-training.de\/de\/wp-json\/wp\/v2\/pages"}],"about":[{"href":"https:\/\/www.aoc-training.de\/de\/wp-json\/wp\/v2\/types\/page"}],"author":[{"embeddable":true,"href":"https:\/\/www.aoc-training.de\/de\/wp-json\/wp\/v2\/users\/1"}],"replies":[{"embeddable":true,"href":"https:\/\/www.aoc-training.de\/de\/wp-json\/wp\/v2\/comments?post=1481"}],"version-history":[{"count":0,"href":"https:\/\/www.aoc-training.de\/de\/wp-json\/wp\/v2\/pages\/1481\/revisions"}],"up":[{"embeddable":true,"href":"https:\/\/www.aoc-training.de\/de\/wp-json\/wp\/v2\/pages\/1478"}],"wp:attachment":[{"href":"https:\/\/www.aoc-training.de\/de\/wp-json\/wp\/v2\/media?parent=1481"}],"curies":[{"name":"wp","href":"https:\/\/api.w.org\/{rel}","templated":true}]}}