{"id":1493,"date":"2014-03-01T06:45:34","date_gmt":"2014-03-01T06:45:34","guid":{"rendered":"http:\/\/www.aoc-training.de\/?page_id=1493"},"modified":"2014-05-19T22:10:50","modified_gmt":"2014-05-19T21:10:50","slug":"kreative-lerntechniken","status":"publish","type":"page","link":"https:\/\/www.aoc-training.de\/de\/trainieren\/kreative-lerntechniken\/","title":{"rendered":"Kreative Lerntechniken"},"content":{"rendered":"<div id='av_section_1'  class='avia-section av-av_section-bd99ea0b9efb9bddbdcae6f918541439 main_color avia-section-default avia-no-shadow  avia-builder-el-0  el_before_av_section  avia-builder-el-first  avia-bg-style-scroll container_wrap fullsize'  ><div class='container av-section-cont-open' ><main  role=\"main\" itemprop=\"mainContentOfPage\"  class='template-page content  av-content-full alpha units'><div class='post-entry post-entry-type-page post-entry-1493'><div class='entry-content-wrapper clearfix'>\n\n<style type=\"text\/css\" data-created_by=\"avia_inline_auto\" id=\"style-css-av-av_image-ca33fa837d3e0e623da5a91b24f9084e\">\n.avia-image-container.av-av_image-ca33fa837d3e0e623da5a91b24f9084e img.avia_image{\nbox-shadow:none;\n}\n.avia-image-container.av-av_image-ca33fa837d3e0e623da5a91b24f9084e .av-image-caption-overlay-center{\ncolor:#ffffff;\n}\n<\/style>\n<div  class='avia-image-container av-av_image-ca33fa837d3e0e623da5a91b24f9084e av-styling- avia-align-center  avia-builder-el-1  avia-builder-el-no-sibling '   itemprop=\"image\" itemscope=\"itemscope\" itemtype=\"https:\/\/schema.org\/ImageObject\" ><div class=\"avia-image-container-inner\"><div class=\"avia-image-overlay-wrap\"><img decoding=\"async\" fetchpriority=\"high\" class='wp-image- avia-img-lazy-loading-not- avia_image ' src=\"http:\/\/www.aoc-training.de\/wp-content\/uploads\/2014\/03\/08DE-creative-techniques-AOC.gif\" alt='' title=''   itemprop=\"thumbnailUrl\"  \/><\/div><\/div><\/div>\n\n<\/div><\/div><\/main><!-- close content main element --><\/div><\/div>\n<style type=\"text\/css\" data-created_by=\"avia_inline_auto\" id=\"style-css-av-av_section-eb8fca9870eae65d435de103f8e2e404\">\n.avia-section.av-av_section-eb8fca9870eae65d435de103f8e2e404{\nbackground-color:#ffffff;\nbackground-image:unset;\n}\n<\/style>\n<div id='av_section_2'  class='avia-section av-av_section-eb8fca9870eae65d435de103f8e2e404 main_color avia-section-default avia-no-shadow  avia-builder-el-2  el_after_av_section  el_before_av_section  avia-bg-style-scroll container_wrap fullsize'  ><div class='container av-section-cont-open' ><div class='template-page content  av-content-full alpha units'><div class='post-entry post-entry-type-page post-entry-1493'><div class='entry-content-wrapper clearfix'>\n<div  class='flex_column av-av_two_third-2a9015ff38129c418a3f2eafba3e9512 av_two_third  avia-builder-el-3  avia-builder-el-no-sibling  first flex_column_div  '     ><style type=\"text\/css\" data-created_by=\"avia_inline_auto\" id=\"style-css-av-av_heading-ba8e3b6dcd2ffd6227941fa8810b1a52\">\n#top .av-special-heading.av-av_heading-ba8e3b6dcd2ffd6227941fa8810b1a52{\npadding-bottom:18px;\nfont-size:28px;\n}\nbody .av-special-heading.av-av_heading-ba8e3b6dcd2ffd6227941fa8810b1a52 .av-special-heading-tag .heading-char{\nfont-size:25px;\n}\n#top #wrap_all .av-special-heading.av-av_heading-ba8e3b6dcd2ffd6227941fa8810b1a52 .av-special-heading-tag{\nfont-size:28px;\n}\n.av-special-heading.av-av_heading-ba8e3b6dcd2ffd6227941fa8810b1a52 .av-subheading{\nfont-size:10px;\n}\n\n@media only screen and (min-width: 480px) and (max-width: 767px){ \n#top #wrap_all .av-special-heading.av-av_heading-ba8e3b6dcd2ffd6227941fa8810b1a52 .av-special-heading-tag{\nfont-size:0.8em;\n}\n}\n\n@media only screen and (max-width: 479px){ \n#top #wrap_all .av-special-heading.av-av_heading-ba8e3b6dcd2ffd6227941fa8810b1a52 .av-special-heading-tag{\nfont-size:0.8em;\n}\n}\n<\/style>\n<div  class='av-special-heading av-av_heading-ba8e3b6dcd2ffd6227941fa8810b1a52 av-special-heading-h2 blockquote modern-quote  avia-builder-el-4  el_before_av_textblock  avia-builder-el-first  av-inherit-size'><h2 class='av-special-heading-tag'  itemprop=\"headline\"  >Was, Warum <span class='special_amp'>&amp;<\/span> Wie<\/h2><div class=\"special-heading-border\"><div class=\"special-heading-inner-border\"><\/div><\/div><\/div>\n<section  class='av_textblock_section av-av_textblock-aaf3a53f7e22769a7798f31e42769683 '   itemscope=\"itemscope\" itemtype=\"https:\/\/schema.org\/CreativeWork\" ><div class='avia_textblock'  itemprop=\"text\" ><p><span class='av_dropcap1 av-av_dropcap1-3cd9da5fea0ef5fb27aee617571c39a3'>W<\/span>enn wir eine interaktive Lernumgebung gestalten, in der sich die Teilnehmenden wohl f\u00fchlen, k\u00f6nnen wir das Lernen vertiefen und beschleunigen sowie das Langzeitged\u00e4chtnis ansprechen.\u00a0 Es entsteht damit gleichzeitig eine Atmosph\u00e4re der Zusammenarbeit und des voneinander Lernens. Wir f\u00f6rdern die Kommunikationsf\u00e4higkeiten und die Selbstsicherheit der Teilnehmenden.<\/p>\n<p>Spielerisch k\u00f6nnen Lernbarrieren \u00fcberwunden werden. In fachkundig gestalteten Seminaren vermitteln wir Lernspiele, die Sie in Ihrem Training\/Unterricht effektiv einsetzen k\u00f6nnen. Diese Spiele ber\u00fccksichtigen den Lernanspruch und die individuellen Lernstile aller Teilnehmenden.<\/p>\n<p>Es gibt 3 Schl\u00fcssel zum Erfolg:<\/p>\n<ul>\n<li>Aktivit\u00e4ten und Lernspiele, die jeden Lerntyp ansprechen<\/li>\n<li>Ein guter \u201eFlow\u201c mit einer Ausgewogenheit zwischen ruhigen und lebendigen Aktivit\u00e4ten<\/li>\n<li>Eine unterst\u00fctzende und positive Atmosph\u00e4re<\/li>\n<\/ul>\n<p>Sie finden eine Vielzahl an Ideen f\u00fcr die Umsetzung in Ihrem Training oder Unterricht hier: <a title=\"Publikationen\" href=\"http:\/\/www.aoc-training.de\/?page_id=71&amp;lang=de\"><i>Lernen mit allen Sinnen; 72 sinn-volle Lernspiele<\/i><\/a>.<\/p>\n<\/div><\/section><\/div>\n\n<\/div><\/div><\/div><!-- close content main div --><\/div><\/div>\n<style type=\"text\/css\" data-created_by=\"avia_inline_auto\" id=\"style-css-av-av_section-ee25d9aab2a0aeb908a7d7ee9f21ef6d\">\n.avia-section.av-av_section-ee25d9aab2a0aeb908a7d7ee9f21ef6d{\nbackground-color:#e5e5e5;\nbackground-image:unset;\n}\n<\/style>\n<div id='av_section_3'  class='avia-section av-av_section-ee25d9aab2a0aeb908a7d7ee9f21ef6d main_color avia-section-default avia-no-shadow  avia-builder-el-6  el_after_av_section  el_before_av_section  avia-bg-style-scroll container_wrap fullsize'  ><div class='container av-section-cont-open' ><div class='template-page content  av-content-full alpha units'><div class='post-entry post-entry-type-page post-entry-1493'><div class='entry-content-wrapper clearfix'>\n<div  class='flex_column av-av_one_half-2a9015ff38129c418a3f2eafba3e9512 av_one_half  avia-builder-el-7  el_before_av_one_half  avia-builder-el-first  first flex_column_div  '     ><p>\n<style type=\"text\/css\" data-created_by=\"avia_inline_auto\" id=\"style-css-av-av_heading-e1a273ce6600619c0ab6b5a28bbace26\">\n#top .av-special-heading.av-av_heading-e1a273ce6600619c0ab6b5a28bbace26{\npadding-bottom:18px;\nfont-size:28px;\n}\nbody .av-special-heading.av-av_heading-e1a273ce6600619c0ab6b5a28bbace26 .av-special-heading-tag .heading-char{\nfont-size:25px;\n}\n#top #wrap_all .av-special-heading.av-av_heading-e1a273ce6600619c0ab6b5a28bbace26 .av-special-heading-tag{\nfont-size:28px;\n}\n.av-special-heading.av-av_heading-e1a273ce6600619c0ab6b5a28bbace26 .av-subheading{\nfont-size:10px;\n}\n\n@media only screen and (min-width: 480px) and (max-width: 767px){ \n#top #wrap_all .av-special-heading.av-av_heading-e1a273ce6600619c0ab6b5a28bbace26 .av-special-heading-tag{\nfont-size:0.8em;\n}\n}\n\n@media only screen and (max-width: 479px){ \n#top #wrap_all .av-special-heading.av-av_heading-e1a273ce6600619c0ab6b5a28bbace26 .av-special-heading-tag{\nfont-size:0.8em;\n}\n}\n<\/style>\n<div  class='av-special-heading av-av_heading-e1a273ce6600619c0ab6b5a28bbace26 av-special-heading-h2 blockquote modern-quote  avia-builder-el-8  el_before_av_textblock  avia-builder-el-first  av-inherit-size'><h2 class='av-special-heading-tag'  itemprop=\"headline\"  >Zielgruppe<\/h2><div class=\"special-heading-border\"><div class=\"special-heading-inner-border\"><\/div><\/div><\/div><br \/>\n<section  class='av_textblock_section av-av_textblock-aaf3a53f7e22769a7798f31e42769683 '   itemscope=\"itemscope\" itemtype=\"https:\/\/schema.org\/CreativeWork\" ><div class='avia_textblock'  itemprop=\"text\" ><ul>\n<li>Trainer_innen- und Lehrer_innen aller Fachrichtungen sowie P\u00e4dagog_innen<\/li>\n<li>Zu unserer bisherigen Teilnehmenden z\u00e4hlten IT-Trainer_innen, Werbevertreter_innen, Sozialarbeiter_innen, Musiker_innen, Spezialist_innen f\u00fcr autogenes Training, Mediziner_innen, Sprachtrainer_innen und Lehrer_innen aller Fachrichtungen und Schulformen<\/li>\n<\/ul>\n<\/div><\/section><br \/>\n<div  class='hr av-av_hr-d3021aff4e2c88ff75459fd6b3a45a12 hr-default  avia-builder-el-10  el_after_av_textblock  avia-builder-el-last '><span class='hr-inner '><span class=\"hr-inner-style\"><\/span><\/span><\/div><\/p><\/div><div  class='flex_column av-av_one_half-5c3bdd854542bbc70d067b1f6b1f9883 av_one_half  avia-builder-el-11  el_after_av_one_half  el_before_av_promobox  flex_column_div  '     ><p>\n<style type=\"text\/css\" data-created_by=\"avia_inline_auto\" id=\"style-css-av-av_heading-70146e75b978d51745d9f958a09f1853\">\n#top .av-special-heading.av-av_heading-70146e75b978d51745d9f958a09f1853{\npadding-bottom:18px;\nfont-size:28px;\n}\nbody .av-special-heading.av-av_heading-70146e75b978d51745d9f958a09f1853 .av-special-heading-tag .heading-char{\nfont-size:25px;\n}\n#top #wrap_all .av-special-heading.av-av_heading-70146e75b978d51745d9f958a09f1853 .av-special-heading-tag{\nfont-size:28px;\n}\n.av-special-heading.av-av_heading-70146e75b978d51745d9f958a09f1853 .av-subheading{\nfont-size:10px;\n}\n\n@media only screen and (min-width: 480px) and (max-width: 767px){ \n#top #wrap_all .av-special-heading.av-av_heading-70146e75b978d51745d9f958a09f1853 .av-special-heading-tag{\nfont-size:0.8em;\n}\n}\n\n@media only screen and (max-width: 479px){ \n#top #wrap_all .av-special-heading.av-av_heading-70146e75b978d51745d9f958a09f1853 .av-special-heading-tag{\nfont-size:0.8em;\n}\n}\n<\/style>\n<div  class='av-special-heading av-av_heading-70146e75b978d51745d9f958a09f1853 av-special-heading-h2 blockquote modern-quote  avia-builder-el-12  el_before_av_textblock  avia-builder-el-first  av-inherit-size'><h2 class='av-special-heading-tag'  itemprop=\"headline\"  >Dauer des Trainings<\/h2><div class=\"special-heading-border\"><div class=\"special-heading-inner-border\"><\/div><\/div><\/div><br \/>\n<section  class='av_textblock_section av-av_textblock-aaf3a53f7e22769a7798f31e42769683 '   itemscope=\"itemscope\" itemtype=\"https:\/\/schema.org\/CreativeWork\" ><div class='avia_textblock'  itemprop=\"text\" ><p>\u00dcblicherweise dauert das <b>AOC<\/b> Training ein bis zwei Tage. Die genaue Dauer kann unter Ber\u00fccksichtigung der Vorkenntnisse und den individuellen Zielen mit den Teilnehmenden vereinbart werden.<\/p>\n<p>Zus\u00e4tzlich kann ein dreist\u00fcndiger Workshop zur Einf\u00fchrung gebucht werden.<\/p>\n<\/div><\/section><\/p><\/div><div  class='av_promobox av-av_promobox-853e6c4c448914d5bc4aa48d65e8e6bd avia-button-yes  avia-builder-el-14  el_after_av_one_half  avia-builder-el-last '><div class='avia-promocontent'><p>Lieber ein privates Coaching?<\/p>\n<\/div><div  class='avia-button-wrap av-av_button-d94cc32efb52d34570508d2e0cfdf1a9-wrap avia-button-right '><a href='https:\/\/www.aoc-training.de\/de\/coachings\/'  class='avia-button av-av_button-d94cc32efb52d34570508d2e0cfdf1a9 avia-icon_select-no avia-size-large avia-position-right avia-color-theme-color'  ><span class='avia_iconbox_title' >Sehen Sie \"Coaching\"<\/span><\/a><\/div><\/div>\n<\/div><\/div><\/div><!-- close content main div --><\/div><\/div>\n<style type=\"text\/css\" data-created_by=\"avia_inline_auto\" id=\"style-css-av-av_section-eb8fca9870eae65d435de103f8e2e404\">\n.avia-section.av-av_section-eb8fca9870eae65d435de103f8e2e404{\nbackground-color:#ffffff;\nbackground-image:unset;\n}\n<\/style>\n<div id='av_section_4'  class='avia-section av-av_section-eb8fca9870eae65d435de103f8e2e404 main_color avia-section-default avia-no-shadow  avia-builder-el-15  el_after_av_section  avia-builder-el-last  avia-bg-style-scroll container_wrap fullsize'  ><div class='container av-section-cont-open' ><div class='template-page content  av-content-full alpha units'><div class='post-entry post-entry-type-page post-entry-1493'><div class='entry-content-wrapper clearfix'>\n<div  class='flex_column av-av_two_third-2a9015ff38129c418a3f2eafba3e9512 av_two_third  avia-builder-el-16  avia-builder-el-no-sibling  first flex_column_div  '     ><p>\n<style type=\"text\/css\" data-created_by=\"avia_inline_auto\" id=\"style-css-av-av_heading-618ff450c98e68b03045621f512f2cc4\">\n#top .av-special-heading.av-av_heading-618ff450c98e68b03045621f512f2cc4{\npadding-bottom:18px;\nfont-size:28px;\n}\nbody .av-special-heading.av-av_heading-618ff450c98e68b03045621f512f2cc4 .av-special-heading-tag .heading-char{\nfont-size:25px;\n}\n#top #wrap_all .av-special-heading.av-av_heading-618ff450c98e68b03045621f512f2cc4 .av-special-heading-tag{\nfont-size:28px;\n}\n.av-special-heading.av-av_heading-618ff450c98e68b03045621f512f2cc4 .av-subheading{\nfont-size:10px;\n}\n\n@media only screen and (min-width: 480px) and (max-width: 767px){ \n#top #wrap_all .av-special-heading.av-av_heading-618ff450c98e68b03045621f512f2cc4 .av-special-heading-tag{\nfont-size:0.8em;\n}\n}\n\n@media only screen and (max-width: 479px){ \n#top #wrap_all .av-special-heading.av-av_heading-618ff450c98e68b03045621f512f2cc4 .av-special-heading-tag{\nfont-size:0.8em;\n}\n}\n<\/style>\n<div  class='av-special-heading av-av_heading-618ff450c98e68b03045621f512f2cc4 av-special-heading-h2 blockquote modern-quote  avia-builder-el-17  el_before_av_textblock  avia-builder-el-first  av-inherit-size'><h2 class='av-special-heading-tag'  itemprop=\"headline\"  >Inhalt<\/h2><div class=\"special-heading-border\"><div class=\"special-heading-inner-border\"><\/div><\/div><\/div><br \/>\n<section  class='av_textblock_section av-av_textblock-aaf3a53f7e22769a7798f31e42769683 '   itemscope=\"itemscope\" itemtype=\"https:\/\/schema.org\/CreativeWork\" ><div class='avia_textblock'  itemprop=\"text\" ><h4><b>W\u00e4hrend des Trainings, lernen Sie\u2026<\/b><\/h4>\n<ul>\n<li>effektive multi-sensorische Lernaktivit\u00e4ten, die sich f\u00fcr alle Ihre Lernsituationen &#8211; in Firmen, Schulen oder Universit\u00e4ten &#8211; eignen<\/li>\n<li>Strategien zur Entwicklung von eigenen Lernspielen<\/li>\n<li>Aktivit\u00e4ten nach dem \u201eFlow-Prinzip\u201c zu planen<\/li>\n<li>Ihren eigenen bevorzugten Lerntyp zu erkennen und wie Sie ihn nutzen k\u00f6nnen, um Ihr Training oder Ihren Unterricht besser zu gestalten<\/li>\n<li>auf die Lerneigenschaften jedes Einzelnen eingehen<\/li>\n<li>bestehende Lernspiele zu optimieren<\/li>\n<li>Aktivit\u00e4ten, die die Zusammenarbeit, das Selbstvertrauen und die kommunikativen F\u00e4higkeiten steigern<\/li>\n<li>einen besseren Umgang mit Vorbehalten und Widerstand<\/li>\n<li>Ihre Methoden an unterschiedliche Gruppen und Gruppengr\u00f6\u00dfen anzupassen<\/li>\n<li><b>Spiele, die unmittelbar und in jeder Fachrichtung einsetzbar sind, und die das Langzeitged\u00e4chtnis nachhaltig f\u00f6rdern<\/b><\/li>\n<\/ul>\n<\/div><\/section><\/p><\/div>\n<\/p>\n","protected":false},"excerpt":{"rendered":"","protected":false},"author":1,"featured_media":0,"parent":1488,"menu_order":0,"comment_status":"open","ping_status":"open","template":"","meta":{"footnotes":""},"class_list":["post-1493","page","type-page","status-publish","hentry"],"_links":{"self":[{"href":"https:\/\/www.aoc-training.de\/de\/wp-json\/wp\/v2\/pages\/1493","targetHints":{"allow":["GET"]}}],"collection":[{"href":"https:\/\/www.aoc-training.de\/de\/wp-json\/wp\/v2\/pages"}],"about":[{"href":"https:\/\/www.aoc-training.de\/de\/wp-json\/wp\/v2\/types\/page"}],"author":[{"embeddable":true,"href":"https:\/\/www.aoc-training.de\/de\/wp-json\/wp\/v2\/users\/1"}],"replies":[{"embeddable":true,"href":"https:\/\/www.aoc-training.de\/de\/wp-json\/wp\/v2\/comments?post=1493"}],"version-history":[{"count":0,"href":"https:\/\/www.aoc-training.de\/de\/wp-json\/wp\/v2\/pages\/1493\/revisions"}],"up":[{"embeddable":true,"href":"https:\/\/www.aoc-training.de\/de\/wp-json\/wp\/v2\/pages\/1488"}],"wp:attachment":[{"href":"https:\/\/www.aoc-training.de\/de\/wp-json\/wp\/v2\/media?parent=1493"}],"curies":[{"name":"wp","href":"https:\/\/api.w.org\/{rel}","templated":true}]}}