{"id":1585,"date":"2014-03-01T08:58:36","date_gmt":"2014-03-01T08:58:36","guid":{"rendered":"http:\/\/www.aoc-training.de\/?page_id=1585"},"modified":"2015-02-10T01:03:17","modified_gmt":"2015-02-10T00:03:17","slug":"effektive-kommunikation","status":"publish","type":"page","link":"https:\/\/www.aoc-training.de\/de\/kommunizieren\/effektive-kommunikation\/","title":{"rendered":"Effektive Kommunikation"},"content":{"rendered":"<div id='av_section_1'  class='avia-section av-av_section-bd99ea0b9efb9bddbdcae6f918541439 main_color avia-section-default avia-no-shadow  avia-builder-el-0  el_before_av_section  avia-builder-el-first  avia-bg-style-scroll container_wrap fullsize'  ><div class='container av-section-cont-open' ><main  role=\"main\" itemprop=\"mainContentOfPage\"  class='template-page content  av-content-full alpha units'><div class='post-entry post-entry-type-page post-entry-1585'><div class='entry-content-wrapper clearfix'>\n\n<style type=\"text\/css\" data-created_by=\"avia_inline_auto\" id=\"style-css-av-av_image-ff78dfb5771dd20daafda3c80dde9ce5\">\n.avia-image-container.av-av_image-ff78dfb5771dd20daafda3c80dde9ce5 img.avia_image{\nbox-shadow:none;\n}\n.avia-image-container.av-av_image-ff78dfb5771dd20daafda3c80dde9ce5 .av-image-caption-overlay-center{\ncolor:#ffffff;\n}\n<\/style>\n<div  class='avia-image-container av-av_image-ff78dfb5771dd20daafda3c80dde9ce5 av-styling- avia-align-center  avia-builder-el-1  avia-builder-el-no-sibling '   itemprop=\"image\" itemscope=\"itemscope\" itemtype=\"https:\/\/schema.org\/ImageObject\" ><div class=\"avia-image-container-inner\"><div class=\"avia-image-overlay-wrap\"><img decoding=\"async\" fetchpriority=\"high\" class='wp-image- avia-img-lazy-loading-not- avia_image ' src=\"http:\/\/www.aoc-training.de\/wp-content\/uploads\/2014\/03\/10DE-basic-communication-skills-1-AOC1.gif\" alt='' title=''   itemprop=\"thumbnailUrl\"  \/><\/div><\/div><\/div>\n\n<\/div><\/div><\/main><!-- close content main element --><\/div><\/div><div id='av_section_2'  class='avia-section av-av_section-ebc9e2eb75a81fcc10119874b3f74686 main_color avia-section-default avia-no-shadow  avia-builder-el-2  el_after_av_section  el_before_av_section  avia-bg-style-scroll container_wrap fullsize'  ><div class='container av-section-cont-open' ><div class='template-page content  av-content-full alpha units'><div class='post-entry post-entry-type-page post-entry-1585'><div class='entry-content-wrapper clearfix'>\n\n<style type=\"text\/css\" data-created_by=\"avia_inline_auto\" id=\"style-css-av-av_heading-19eaf5f5059813444f97937deba29274\">\n#top .av-special-heading.av-av_heading-19eaf5f5059813444f97937deba29274{\npadding-bottom:18px;\nfont-size:28px;\n}\nbody .av-special-heading.av-av_heading-19eaf5f5059813444f97937deba29274 .av-special-heading-tag .heading-char{\nfont-size:25px;\n}\n#top #wrap_all .av-special-heading.av-av_heading-19eaf5f5059813444f97937deba29274 .av-special-heading-tag{\nfont-size:28px;\n}\n.av-special-heading.av-av_heading-19eaf5f5059813444f97937deba29274 .av-subheading{\nfont-size:15px;\n}\n\n@media only screen and (min-width: 480px) and (max-width: 767px){ \n#top #wrap_all .av-special-heading.av-av_heading-19eaf5f5059813444f97937deba29274 .av-special-heading-tag{\nfont-size:0.8em;\n}\n}\n\n@media only screen and (max-width: 479px){ \n#top #wrap_all .av-special-heading.av-av_heading-19eaf5f5059813444f97937deba29274 .av-special-heading-tag{\nfont-size:0.8em;\n}\n}\n<\/style>\n<div  class='av-special-heading av-av_heading-19eaf5f5059813444f97937deba29274 av-special-heading-h2 blockquote modern-quote  avia-builder-el-3  el_before_av_textblock  avia-builder-el-first  av-inherit-size'><h2 class='av-special-heading-tag'  itemprop=\"headline\"  >Was, Warum <span class='special_amp'>&amp;<\/span> Wie<\/h2><div class=\"special-heading-border\"><div class=\"special-heading-inner-border\"><\/div><\/div><\/div>\n<p><section  class='av_textblock_section av-av_textblock-aaf3a53f7e22769a7798f31e42769683 '   itemscope=\"itemscope\" itemtype=\"https:\/\/schema.org\/CreativeWork\" ><div class='avia_textblock'  itemprop=\"text\" ><p><span class='av_dropcap1 av-av_dropcap1-3cd9da5fea0ef5fb27aee617571c39a3'>L<\/span>ernen Sie mit einfachen Hilfestellungen Ihre Kommunikation zu verbessern um die Zusammenarbeit mit anderen auf der Basis von Vertrauen und Respekt zu f\u00f6rdern. Mit einfacher, pr\u00e4ziser und direkter Sprache k\u00f6nnen Sie effizienter und effektiver kommunizieren. Sie k\u00f6nnen Missverst\u00e4ndnisse vermeiden, indem Sie wichtige Erkenntnisse \u00fcber das Zuh\u00f6ren beachten und H\u00fcrden kennen, die Kommunikation erschweren.<\/p>\n<h4>Ein \u00dcberblick der Inhalte des AOC Seminars<\/h4>\n<ul>\n<li><span style=\"line-height: 1.5em;\">Wie Werte, \u00dcberzeugungen und Erfahrung unsere Kommunikation beeinflussen<\/span><\/li>\n<li><span style=\"line-height: 1.5em;\">Vorannahmen als Fallstricke der Kommunikation<\/span><\/li>\n<li><span style=\"line-height: 1.5em;\">Verstehen Sie, wie wir Informationen filtern<\/span><\/li>\n<li><span style=\"line-height: 1.5em;\">Realit\u00e4tscheck: Selbst- und Fremdwahrnehmung<\/span><\/li>\n<li><span style=\"line-height: 1.5em;\">Erfahren Sie den Unterschied zwischen einseitiger und zweiseitiger Kommunikation<\/span><\/li>\n<li><span style=\"line-height: 1.5em;\">Erkennen Sie Ihren Kommunikationsstil und seine Rolle in der Interaktion mit anderen<\/span><\/li>\n<li><span style=\"line-height: 1.5em;\">Entdecken Sie, was Zuh\u00f6ren wirklich bedeutet<\/span><\/li>\n<li><span style=\"line-height: 1.5em;\">Die Macht der K\u00f6rpersprache und der Kongruenz<\/span><\/li>\n<li><span style=\"line-height: 1.5em;\">Steuern Sie Ihre Emotionen \u2013 vertrauen Sie auf die Macht des mentalen Trainings<\/span><\/li>\n<\/ul>\n<\/div><\/section>\n\n<\/div><\/div><\/div><!-- close content main div --><\/div><\/div><div id='av_section_3'  class='avia-section av-av_section-ebc9e2eb75a81fcc10119874b3f74686 main_color avia-section-default avia-no-shadow  avia-builder-el-5  el_after_av_section  el_before_av_section  avia-bg-style-scroll container_wrap fullsize'  ><div class='container av-section-cont-open' ><div class='template-page content  av-content-full alpha units'><div class='post-entry post-entry-type-page post-entry-1585'><div class='entry-content-wrapper clearfix'>\n<div  class='flex_column av-av_one_half-2a9015ff38129c418a3f2eafba3e9512 av_one_half  avia-builder-el-6  el_before_av_one_half  avia-builder-el-first  first flex_column_div  '     ><p>\n<style type=\"text\/css\" data-created_by=\"avia_inline_auto\" id=\"style-css-av-av_heading-92e4e2f3defb477774fc06057a6e61a5\">\n#top .av-special-heading.av-av_heading-92e4e2f3defb477774fc06057a6e61a5{\npadding-bottom:18px;\nfont-size:28px;\n}\nbody .av-special-heading.av-av_heading-92e4e2f3defb477774fc06057a6e61a5 .av-special-heading-tag .heading-char{\nfont-size:25px;\n}\n#top #wrap_all .av-special-heading.av-av_heading-92e4e2f3defb477774fc06057a6e61a5 .av-special-heading-tag{\nfont-size:28px;\n}\n.av-special-heading.av-av_heading-92e4e2f3defb477774fc06057a6e61a5 .av-subheading{\nfont-size:15px;\n}\n\n@media only screen and (min-width: 480px) and (max-width: 767px){ \n#top #wrap_all .av-special-heading.av-av_heading-92e4e2f3defb477774fc06057a6e61a5 .av-special-heading-tag{\nfont-size:0.8em;\n}\n}\n\n@media only screen and (max-width: 479px){ \n#top #wrap_all .av-special-heading.av-av_heading-92e4e2f3defb477774fc06057a6e61a5 .av-special-heading-tag{\nfont-size:0.8em;\n}\n}\n<\/style>\n<div  class='av-special-heading av-av_heading-92e4e2f3defb477774fc06057a6e61a5 av-special-heading-h2 blockquote modern-quote  avia-builder-el-7  el_before_av_textblock  avia-builder-el-first  av-inherit-size'><h2 class='av-special-heading-tag'  itemprop=\"headline\"  >Zielgruppe<\/h2><div class=\"special-heading-border\"><div class=\"special-heading-inner-border\"><\/div><\/div><\/div><br \/>\n<section  class='av_textblock_section av-av_textblock-aaf3a53f7e22769a7798f31e42769683 '   itemscope=\"itemscope\" itemtype=\"https:\/\/schema.org\/CreativeWork\" ><div class='avia_textblock'  itemprop=\"text\" ><ul>\n<li>Gesch\u00e4ftsleute, die ihre Alltagskommunikation mit Kolleg_innen, Vorgesetzten, Kund_innen, Klient_innen oder Angestellten verbessern m\u00f6chten<\/li>\n<li>Gesch\u00e4ftsleute, die sich auf Vorstellungsgespr\u00e4che, Konferenzen oder Verhandlungen vorbereiten<\/li>\n<li>Alle, die daran interessiert sind, die Kommunikation und Interaktion mit anderen zu verstehen und zu verbessern<\/li>\n<\/ul>\n<\/div><\/section><\/p><\/div><div  class='flex_column av-av_one_half-5c3bdd854542bbc70d067b1f6b1f9883 av_one_half  avia-builder-el-9  el_after_av_one_half  el_before_av_promobox  flex_column_div  '     ><p>\n<style type=\"text\/css\" data-created_by=\"avia_inline_auto\" id=\"style-css-av-av_heading-4e10bd84c3e50ca2594a67090c5ba041\">\n#top .av-special-heading.av-av_heading-4e10bd84c3e50ca2594a67090c5ba041{\npadding-bottom:18px;\nfont-size:28px;\n}\nbody .av-special-heading.av-av_heading-4e10bd84c3e50ca2594a67090c5ba041 .av-special-heading-tag .heading-char{\nfont-size:25px;\n}\n#top #wrap_all .av-special-heading.av-av_heading-4e10bd84c3e50ca2594a67090c5ba041 .av-special-heading-tag{\nfont-size:28px;\n}\n.av-special-heading.av-av_heading-4e10bd84c3e50ca2594a67090c5ba041 .av-subheading{\nfont-size:15px;\n}\n\n@media only screen and (min-width: 480px) and (max-width: 767px){ \n#top #wrap_all .av-special-heading.av-av_heading-4e10bd84c3e50ca2594a67090c5ba041 .av-special-heading-tag{\nfont-size:0.8em;\n}\n}\n\n@media only screen and (max-width: 479px){ \n#top #wrap_all .av-special-heading.av-av_heading-4e10bd84c3e50ca2594a67090c5ba041 .av-special-heading-tag{\nfont-size:0.8em;\n}\n}\n<\/style>\n<div  class='av-special-heading av-av_heading-4e10bd84c3e50ca2594a67090c5ba041 av-special-heading-h2 blockquote modern-quote  avia-builder-el-10  el_before_av_textblock  avia-builder-el-first  av-inherit-size'><h2 class='av-special-heading-tag'  itemprop=\"headline\"  >Dauer des Trainings<\/h2><div class=\"special-heading-border\"><div class=\"special-heading-inner-border\"><\/div><\/div><\/div><br \/>\n<section  class='av_textblock_section av-av_textblock-aaf3a53f7e22769a7798f31e42769683 '   itemscope=\"itemscope\" itemtype=\"https:\/\/schema.org\/CreativeWork\" ><div class='avia_textblock'  itemprop=\"text\" ><p>\u00dcblicherweise zwischen sieben und 14 Tagen, in Abh\u00e4ngigkeit von der genauen Ausgestaltung der Themen und dem Vorwissen der Teilnehmenden.<\/p>\n<\/div><\/section><\/p><\/div><div  class='av_promobox av-av_promobox-853e6c4c448914d5bc4aa48d65e8e6bd avia-button-yes  avia-builder-el-12  el_after_av_one_half  avia-builder-el-last '><div class='avia-promocontent'><p>Lieber ein privates Coaching?<\/p>\n<\/div><div  class='avia-button-wrap av-av_button-d94cc32efb52d34570508d2e0cfdf1a9-wrap avia-button-right '><a href='https:\/\/www.aoc-training.de\/de\/coachings\/'  class='avia-button av-av_button-d94cc32efb52d34570508d2e0cfdf1a9 avia-icon_select-no avia-size-large avia-position-right avia-color-theme-color'  ><span class='avia_iconbox_title' >Sehen Sie \"Coaching\"<\/span><\/a><\/div><\/div>\n\n<\/div><\/div><\/div><!-- close content main div --><\/div><\/div><div id='av_section_4'  class='avia-section av-av_section-ebc9e2eb75a81fcc10119874b3f74686 main_color avia-section-default avia-no-shadow  avia-builder-el-13  el_after_av_section  avia-builder-el-last  avia-bg-style-scroll container_wrap fullsize'  ><div class='container av-section-cont-open' ><div class='template-page content  av-content-full alpha units'><div class='post-entry post-entry-type-page post-entry-1585'><div class='entry-content-wrapper clearfix'>\n<div  class='flex_column av-av_one_full-2a9015ff38129c418a3f2eafba3e9512 av_one_full  avia-builder-el-14  avia-builder-el-no-sibling  first flex_column_div  '     ><p>\n<style type=\"text\/css\" data-created_by=\"avia_inline_auto\" id=\"style-css-av-av_heading-5e788cfcc51e5d4a902de7ad49f17811\">\n#top .av-special-heading.av-av_heading-5e788cfcc51e5d4a902de7ad49f17811{\npadding-bottom:18px;\nfont-size:28px;\n}\nbody .av-special-heading.av-av_heading-5e788cfcc51e5d4a902de7ad49f17811 .av-special-heading-tag .heading-char{\nfont-size:25px;\n}\n#top #wrap_all .av-special-heading.av-av_heading-5e788cfcc51e5d4a902de7ad49f17811 .av-special-heading-tag{\nfont-size:28px;\n}\n.av-special-heading.av-av_heading-5e788cfcc51e5d4a902de7ad49f17811 .av-subheading{\nfont-size:15px;\n}\n\n@media only screen and (min-width: 480px) and (max-width: 767px){ \n#top #wrap_all .av-special-heading.av-av_heading-5e788cfcc51e5d4a902de7ad49f17811 .av-special-heading-tag{\nfont-size:0.8em;\n}\n}\n\n@media only screen and (max-width: 479px){ \n#top #wrap_all .av-special-heading.av-av_heading-5e788cfcc51e5d4a902de7ad49f17811 .av-special-heading-tag{\nfont-size:0.8em;\n}\n}\n<\/style>\n<div  class='av-special-heading av-av_heading-5e788cfcc51e5d4a902de7ad49f17811 av-special-heading-h2 blockquote modern-quote  avia-builder-el-15  el_before_av_toggle_container  avia-builder-el-first  av-inherit-size'><h2 class='av-special-heading-tag'  itemprop=\"headline\"  >Inhalt<\/h2><div class=\"special-heading-border\"><div class=\"special-heading-inner-border\"><\/div><\/div><\/div><br \/>\n<div  class='togglecontainer av-av_toggle_container-8e0c6e39d39b619a829887bd54fff3ed  avia-builder-el-16  el_after_av_heading  avia-builder-el-last  toggle_close_all' >\n<section class='av_toggle_section av-av_toggle-7ed6ab259c4b4bfa87a6b6f4ba0afded'  itemscope=\"itemscope\" itemtype=\"https:\/\/schema.org\/CreativeWork\" ><div role=\"tablist\" class=\"single_toggle\" data-tags=\"{Alle} \"  ><p data-fake-id='#toggle-id-1' class='toggler   '  itemprop=\"headline\"  role='tab' tabindex='0' aria-controls='toggle-id-1'><b>I. Bevor Sie die Kommunikation beginnen<\/b><span class=\"toggle_icon\"><span class=\"vert_icon\"><\/span><span class=\"hor_icon\"><\/span><\/span><\/p><div id='toggle-id-1' class='toggle_wrap  '  ><div class='toggle_content invers-color '  itemprop=\"text\" ><p><b>Sie lernen\u2026<\/b><\/p>\n<ul>\n<li>\u201aSMART\u2018 Ziele zu\u00a0formulieren: Spezifisch, Messbar, Akzeptiert, Realistisch, (Time) Zeit angeben<\/li>\n<li>Sich gut vorzubereiten; kennen Sie ihren Kommunikationspartner und das Gespr\u00e4chsthema<\/li>\n<li>&#8218;Rapport herzustellen&#8216;, d.h. wie Sie am besten auf die gleichen Wellenl\u00e4nge kommen<\/li>\n<\/ul>\n<\/div><\/div><\/div><\/section>\n<section class='av_toggle_section av-av_toggle-6cd4e61d3ac7f0e26c18204658c55a0e'  itemscope=\"itemscope\" itemtype=\"https:\/\/schema.org\/CreativeWork\" ><div role=\"tablist\" class=\"single_toggle\" data-tags=\"{Alle} \"  ><p data-fake-id='#toggle-id-2' class='toggler   '  itemprop=\"headline\"  role='tab' tabindex='0' aria-controls='toggle-id-2'><b>II. Halten Sie den Kommunikationsfluss aufrecht<\/b><span class=\"toggle_icon\"><span class=\"vert_icon\"><\/span><span class=\"hor_icon\"><\/span><\/span><\/p><div id='toggle-id-2' class='toggle_wrap  '  ><div class='toggle_content invers-color '  itemprop=\"text\" ><h4><b>Sie lernen\u2026<\/b><\/h4>\n<ul>\n<li>Ihre Rolle und Verantwortung innerhalb der Kommunikation<\/li>\n<li>wie Sie\u00a0durch gekonntes Zuh\u00f6ren Beziehungen festigen<\/li>\n<li>welche Informationen\/Botschaften wichtig sind und welche weniger wichtig<\/li>\n<li>\u2018Pacing\u2019, d.h. das \u2018Rapport\u2019 eine Zeitlang aufrechterhalten<\/li>\n<li>\u201aLeading\u2018, das Gespr\u00e4ch f\u00fchren<\/li>\n<\/ul>\n<\/div><\/div><\/div><\/section>\n<section class='av_toggle_section av-av_toggle-16542598af6d081e9f339b440c0b920c'  itemscope=\"itemscope\" itemtype=\"https:\/\/schema.org\/CreativeWork\" ><div role=\"tablist\" class=\"single_toggle\" data-tags=\"{Alle} \"  ><p data-fake-id='#toggle-id-3' class='toggler   '  itemprop=\"headline\"  role='tab' tabindex='0' aria-controls='toggle-id-3'><b>III. Drei Kommunikationsstile<\/b><span class=\"toggle_icon\"><span class=\"vert_icon\"><\/span><span class=\"hor_icon\"><\/span><\/span><\/p><div id='toggle-id-3' class='toggle_wrap  '  ><div class='toggle_content invers-color '  itemprop=\"text\" ><p><b>Sie lernen\u2026<\/b><\/p>\n<ul>\n<li>Ihren eigenen Kommunikationsstil zu erkennen und den von anderen<\/li>\n<li>Die Wirkung der Stile auf der Kommunikation<\/li>\n<li>Wie Sie sich anpassen k\u00f6nnen um eine bessere Qualit\u00e4t der Kommunikation zu erzielen<\/li>\n<li>wie Sie Ihre Aussagen zwischen den drei Stilen vermitteln k\u00f6nnen<\/li>\n<li>die St\u00e4rken und Schw\u00e4chen der unterschiedlichen Stile<\/li>\n<\/ul>\n<\/div><\/div><\/div><\/section>\n<section class='av_toggle_section av-av_toggle-facaa77a37755ce1de3452ab4b152ea8'  itemscope=\"itemscope\" itemtype=\"https:\/\/schema.org\/CreativeWork\" ><div role=\"tablist\" class=\"single_toggle\" data-tags=\"{Alle} \"  ><p data-fake-id='#toggle-id-4' class='toggler   '  itemprop=\"headline\"  role='tab' tabindex='0' aria-controls='toggle-id-4'><b>IV. Zuh\u00f6ren ist mehr als nur H\u00f6ren!<\/b><span class=\"toggle_icon\"><span class=\"vert_icon\"><\/span><span class=\"hor_icon\"><\/span><\/span><\/p><div id='toggle-id-4' class='toggle_wrap  '  ><div class='toggle_content invers-color '  itemprop=\"text\" ><p><img loading=\"lazy\" decoding=\"async\" class=\"alignnone size-full wp-image-1247\" alt=\"img-chinese-listen-symbol\" src=\"http:\/\/www.aoc-training.de\/wp-content\/uploads\/2013\/04\/img-chinese-listen-symbol.jpg\" width=\"400\" height=\"200\" srcset=\"https:\/\/www.aoc-training.de\/wp-content\/uploads\/2013\/04\/img-chinese-listen-symbol.jpg 400w, https:\/\/www.aoc-training.de\/wp-content\/uploads\/2013\/04\/img-chinese-listen-symbol-300x150.jpg 300w\" sizes=\"auto, (max-width: 400px) 100vw, 400px\" \/><\/p>\n<p><b>Sie lernen\u2026<\/b><\/p>\n<ul>\n<li>Ihre Ohren, Augen, Ihr Herz und Ihre ungeteilte Aufmerksamkeit zu verwenden um Ihre Kommunikation zu verbessern<\/li>\n<li>wie Sie am besten Respekt, Empathie und Feingef\u00fchl zeigen<\/li>\n<li>Urteile und Schlussfolgerungen w\u00e4hrend des Zuh\u00f6rens zu vermeiden<\/li>\n<\/ul>\n<\/div><\/div><\/div><\/section>\n<section class='av_toggle_section av-av_toggle-fbf307217f9da157c5d1d420f9f37c10'  itemscope=\"itemscope\" itemtype=\"https:\/\/schema.org\/CreativeWork\" ><div role=\"tablist\" class=\"single_toggle\" data-tags=\"{Alle} \"  ><p data-fake-id='#toggle-id-5' class='toggler   '  itemprop=\"headline\"  role='tab' tabindex='0' aria-controls='toggle-id-5'><b>V. W\u00f6rte, W\u00f6rte, W\u00f6rte<\/b><span class=\"toggle_icon\"><span class=\"vert_icon\"><\/span><span class=\"hor_icon\"><\/span><\/span><\/p><div id='toggle-id-5' class='toggle_wrap  '  ><div class='toggle_content invers-color '  itemprop=\"text\" ><p style=\"line-height: 1.5em;\"><b>Sie lernen\u2026<\/b><\/p>\n<ul>\n<li>die tiefere Bedeutung der Sprache zu suchen und zu hinterfragen<\/li>\n<li>wie Aussagen entweder motivierend oder demotivierend wirken k\u00f6nnen<\/li>\n<li>Perspektivwechsel durch gekonnten Einsatz der Sprache<\/li>\n<li>positive Formulierungen, die motivieren, inspirieren und \u00fcberzeugen<\/li>\n<li>Vorannahmen, die erfolgreiche Kommunikation unterst\u00fctzen bzw. behindern k\u00f6nnen<\/li>\n<li>klare und verst\u00e4ndliche Aussagen zu treffen<\/li>\n<li>Fragetechniken \u2013 offene, geschlossene, rhetorische und viele mehr<\/li>\n<li>das Herstellen von Vertrauen durch \u201adas Spiegeln\u2018 der Sprache<\/li>\n<li>die \u201eWeichmacher\u201c der Sprache<\/li>\n<li>eine multi-sensorischer Sprache, die alle Sinne anspricht<\/li>\n<\/ul>\n<\/div><\/div><\/div><\/section>\n<section class='av_toggle_section av-av_toggle-c6ebb895d152c5350b643d852fa18d68'  itemscope=\"itemscope\" itemtype=\"https:\/\/schema.org\/CreativeWork\" ><div role=\"tablist\" class=\"single_toggle\" data-tags=\"{Alle} \"  ><p data-fake-id='#toggle-id-6' class='toggler   '  itemprop=\"headline\"  role='tab' tabindex='0' aria-controls='toggle-id-6'><b>VI. Nonverbale Signale verstehen<\/b><span class=\"toggle_icon\"><span class=\"vert_icon\"><\/span><span class=\"hor_icon\"><\/span><\/span><\/p><div id='toggle-id-6' class='toggle_wrap  '  ><div class='toggle_content invers-color '  itemprop=\"text\" ><p><b>Nonverbale Signale sind: <\/b>Intonation, Redegeschwindigkeit, Lautst\u00e4rke, Gesten, Gesichtsausdr\u00fccke, K\u00f6rperhaltung, Abstand zum Gegen\u00fcber, Augenkontakt, Kleidung, etc.\u00a0 Stimmen Sie K\u00f6rpersprache und Botschaft aufeinander ab \u2013 seien Sie kongruent. Bringen Sie Klarheit in Ihre Kommunikation.<\/p>\n<p><b>Sie lernen \u2026<\/b><\/p>\n<ul>\n<li>wie Sie durch Kongruenz glaubw\u00fcrdig und zuverl\u00e4ssig auftreten k\u00f6nnen<\/li>\n<li>wie die K\u00f6rpersprache die innere Haltung reflektiert<\/li>\n<li>wie Sie bewusster und systematischer mit Ihrer K\u00f6rpersprache umgehen k\u00f6nnen<\/li>\n<li>wie Sie Ruhe und Pausen als wirkungsvolle Kommunikationsinstrumente verwenden<\/li>\n<li>mehr Flexibilit\u00e4t in der Stimme<\/li>\n<li>die Wirkung der\u00a0Stimme auf Ihre Botschaft<\/li>\n<\/ul>\n<\/div><\/div><\/div><\/section>\n<section class='av_toggle_section av-av_toggle-ad926ebbeadea395bd9a3a6a6a8c602e'  itemscope=\"itemscope\" itemtype=\"https:\/\/schema.org\/CreativeWork\" ><div role=\"tablist\" class=\"single_toggle\" data-tags=\"{Alle} \"  ><p data-fake-id='#toggle-id-7' class='toggler   '  itemprop=\"headline\"  role='tab' tabindex='0' aria-controls='toggle-id-7'><b>VII. Konstruktiver Umgang mit Emotionen<\/b><span class=\"toggle_icon\"><span class=\"vert_icon\"><\/span><span class=\"hor_icon\"><\/span><\/span><\/p><div id='toggle-id-7' class='toggle_wrap  '  ><div class='toggle_content invers-color '  itemprop=\"text\" ><p><b>Sie lernen\u2026<\/b><\/p>\n<ul>\n<li>Ihre emotionale Intelligenz weiterzuentwickeln<\/li>\n<li>neue Wege mit Ihren pers\u00f6nlichen Herausforderungen umzugehen; sie aus neuen Perspektiven zu betrachten<\/li>\n<li>Ihre eigene Ressourcen anzuzapfen um ruhiger zu werden<\/li>\n<li>Ihre Emotionen in eine positive Richtung zu lenken<\/li>\n<li>emotionale Situationen zu entsch\u00e4rfen<\/li>\n<li>Verantwortung f\u00fcr Ihre Emotionen zu \u00fcbernehmen<\/li>\n<\/ul>\n<p><img loading=\"lazy\" decoding=\"async\" class=\"alignnone size-medium wp-image-1373\" alt=\"intelligence-iq-eq-600x600\" src=\"http:\/\/www.aoc-training.de\/wp-content\/uploads\/2013\/04\/intelligence-iq-eq-600x600-300x300.gif\" width=\"300\" height=\"300\" srcset=\"https:\/\/www.aoc-training.de\/wp-content\/uploads\/2013\/04\/intelligence-iq-eq-600x600-300x300.gif 300w, https:\/\/www.aoc-training.de\/wp-content\/uploads\/2013\/04\/intelligence-iq-eq-600x600-80x80.gif 80w, https:\/\/www.aoc-training.de\/wp-content\/uploads\/2013\/04\/intelligence-iq-eq-600x600-36x36.gif 36w, https:\/\/www.aoc-training.de\/wp-content\/uploads\/2013\/04\/intelligence-iq-eq-600x600-180x180.gif 180w, https:\/\/www.aoc-training.de\/wp-content\/uploads\/2013\/04\/intelligence-iq-eq-600x600-120x120.gif 120w, https:\/\/www.aoc-training.de\/wp-content\/uploads\/2013\/04\/intelligence-iq-eq-600x600-450x450.gif 450w\" sizes=\"auto, (max-width: 300px) 100vw, 300px\" \/><\/p>\n<\/div><\/div><\/div><\/section>\n<\/div><\/p><\/div>\n","protected":false},"excerpt":{"rendered":"","protected":false},"author":1,"featured_media":0,"parent":1475,"menu_order":0,"comment_status":"closed","ping_status":"closed","template":"","meta":{"footnotes":""},"class_list":["post-1585","page","type-page","status-publish","hentry"],"_links":{"self":[{"href":"https:\/\/www.aoc-training.de\/de\/wp-json\/wp\/v2\/pages\/1585","targetHints":{"allow":["GET"]}}],"collection":[{"href":"https:\/\/www.aoc-training.de\/de\/wp-json\/wp\/v2\/pages"}],"about":[{"href":"https:\/\/www.aoc-training.de\/de\/wp-json\/wp\/v2\/types\/page"}],"author":[{"embeddable":true,"href":"https:\/\/www.aoc-training.de\/de\/wp-json\/wp\/v2\/users\/1"}],"replies":[{"embeddable":true,"href":"https:\/\/www.aoc-training.de\/de\/wp-json\/wp\/v2\/comments?post=1585"}],"version-history":[{"count":0,"href":"https:\/\/www.aoc-training.de\/de\/wp-json\/wp\/v2\/pages\/1585\/revisions"}],"up":[{"embeddable":true,"href":"https:\/\/www.aoc-training.de\/de\/wp-json\/wp\/v2\/pages\/1475"}],"wp:attachment":[{"href":"https:\/\/www.aoc-training.de\/de\/wp-json\/wp\/v2\/media?parent=1585"}],"curies":[{"name":"wp","href":"https:\/\/api.w.org\/{rel}","templated":true}]}}