{"id":1590,"date":"2014-03-01T09:03:21","date_gmt":"2014-03-01T09:03:21","guid":{"rendered":"http:\/\/www.aoc-training.de\/?page_id=1590"},"modified":"2023-07-02T17:23:54","modified_gmt":"2023-07-02T15:23:54","slug":"nonverbale-kommunikation","status":"publish","type":"page","link":"https:\/\/www.aoc-training.de\/de\/kommunizieren\/nonverbale-kommunikation\/","title":{"rendered":"Nonverbale Kommunikation"},"content":{"rendered":"<div id='av_section_1'  class='avia-section av-xbmjqe-98528654d5909736aa40123cd33db72f main_color avia-section-default avia-no-shadow  avia-builder-el-0  el_before_av_section  avia-builder-el-first  avia-bg-style-scroll container_wrap fullsize'  ><div class='container av-section-cont-open' ><main  role=\"main\" itemprop=\"mainContentOfPage\"  class='template-page content  av-content-full alpha units'><div class='post-entry post-entry-type-page post-entry-1590'><div class='entry-content-wrapper clearfix'>\n\n<style type=\"text\/css\" data-created_by=\"avia_inline_auto\" id=\"style-css-av-383rwm-4444ab2577778ac53187bb6284dd90e6\">\n.avia-image-container.av-383rwm-4444ab2577778ac53187bb6284dd90e6 img.avia_image{\nbox-shadow:none;\n}\n.avia-image-container.av-383rwm-4444ab2577778ac53187bb6284dd90e6 .av-image-caption-overlay-center{\ncolor:#ffffff;\n}\n<\/style>\n<div  class='avia-image-container av-383rwm-4444ab2577778ac53187bb6284dd90e6 av-styling- avia-align-center  avia-builder-el-1  avia-builder-el-no-sibling '   itemprop=\"image\" itemscope=\"itemscope\" itemtype=\"https:\/\/schema.org\/ImageObject\" ><div class=\"avia-image-container-inner\"><div class=\"avia-image-overlay-wrap\"><img decoding=\"async\" fetchpriority=\"high\" class='wp-image- avia-img-lazy-loading-not- avia_image ' src=\"http:\/\/www.aoc-training.de\/wp-content\/uploads\/2014\/03\/11DE-non-verbal-communication-1-AOC1.gif\" alt='' title=''   itemprop=\"thumbnailUrl\"  \/><\/div><\/div><\/div>\n\n<\/div><\/div><\/main><!-- close content main element --><\/div><\/div><div id='av_section_2'  class='avia-section av-u8078m-9a6f1cfd9c1e09e62afd865d1bc610ab main_color avia-section-default avia-no-shadow  avia-builder-el-2  el_after_av_section  el_before_av_section  avia-bg-style-scroll container_wrap fullsize'  ><div class='container av-section-cont-open' ><div class='template-page content  av-content-full alpha units'><div class='post-entry post-entry-type-page post-entry-1590'><div class='entry-content-wrapper clearfix'>\n<div  class='flex_column av-taxcva-1771ea100cbbb57a11aa674314a11b08 av_one_half  avia-builder-el-3  el_before_av_one_half  avia-builder-el-first  first flex_column_div  '     ><p>\n<style type=\"text\/css\" data-created_by=\"avia_inline_auto\" id=\"style-css-av-rvpfp2-e36166312f242f6139c4e0b4b777d3c8\">\n#top .av-special-heading.av-rvpfp2-e36166312f242f6139c4e0b4b777d3c8{\npadding-bottom:18px;\nfont-size:28px;\n}\nbody .av-special-heading.av-rvpfp2-e36166312f242f6139c4e0b4b777d3c8 .av-special-heading-tag .heading-char{\nfont-size:25px;\n}\n#top #wrap_all .av-special-heading.av-rvpfp2-e36166312f242f6139c4e0b4b777d3c8 .av-special-heading-tag{\nfont-size:28px;\n}\n.av-special-heading.av-rvpfp2-e36166312f242f6139c4e0b4b777d3c8 .av-subheading{\nfont-size:15px;\n}\n\n@media only screen and (min-width: 480px) and (max-width: 767px){ \n#top #wrap_all .av-special-heading.av-rvpfp2-e36166312f242f6139c4e0b4b777d3c8 .av-special-heading-tag{\nfont-size:0.8em;\n}\n}\n\n@media only screen and (max-width: 479px){ \n#top #wrap_all .av-special-heading.av-rvpfp2-e36166312f242f6139c4e0b4b777d3c8 .av-special-heading-tag{\nfont-size:0.8em;\n}\n}\n<\/style>\n<div  class='av-special-heading av-rvpfp2-e36166312f242f6139c4e0b4b777d3c8 av-special-heading-h2 blockquote modern-quote  avia-builder-el-4  el_before_av_textblock  avia-builder-el-first  av-inherit-size'><h2 class='av-special-heading-tag'  itemprop=\"headline\"  >Welch ein sch\u00f6ner Tag!<\/h2><div class=\"special-heading-border\"><div class=\"special-heading-inner-border\"><\/div><\/div><\/div><br \/>\n<section  class='av_textblock_section av-pmvew6-26625c194fdfc3b7d8b304f7279680ec '   itemscope=\"itemscope\" itemtype=\"https:\/\/schema.org\/CreativeWork\" ><div class='avia_textblock'  itemprop=\"text\" ><p><strong>Wie viele M\u00f6glichkeiten gibt es diesen Satz zu sagen? Versuchen Sie es!<\/strong><\/p>\n<p>Fr\u00f6hlich, sanft, traurig, \u00e4rgerlich. Es gibt unz\u00e4hlige M\u00f6glichkeiten und jedes Mal klingt unser Tonfall anders, ver\u00e4ndern wir die Lautst\u00e4rke, unsere Haltung oder den Augenkontakt \u2013 all das beeinflusst die Bedeutung dessen, was wir mit dem Satz ausdr\u00fccken.<\/p>\n<p>Jede Haltung, Intonation, Mimik, Gestik, jedes Auftreten, alle Facetten unserer K\u00f6rpersprache haben einen Effekt darauf, wie unsere Aussagen verstanden werden und wie wir Aussagen verstehen. Die K\u00f6rpersprache erweitert die Bedeutung des gesprochenen Wortes.<\/p>\n<p>Um Ihre Botschaften erfolgreich zu \u00fcbermitteln, hilft Ihnen <strong>AOC <\/strong>non-verbale Signale bewusst f\u00fcr Ihre Zwecke zu nutzen.<\/p>\n<p>In der Rolle als Sender: Sie lernen Ihre K\u00f6rpersprache so einzusetzen, dass sie Ihre Aussagen unterst\u00fctzt anstatt sie zu behindern. Mit den gelernten F\u00e4higkeiten wirken Sie \u00fcberzeugender, souver\u00e4ner und authentischer in Ihrer Kommunikation.<\/p>\n<p>Auch wenn diese Zahlen sicherlich vom Kontext und der Situation abh\u00e4ngen, ist eines v\u00f6llig klar:<\/p>\n<p><b>Taten sprechen lauter\u00a0als Worte!<\/b><\/p>\n<p>In der Rolle als Empf\u00e4nger: Sie verbessern Ihre Kommunikation, wenn Sie den Einfluss der K\u00f6rpersprache auf die Botschaften, die Sie erhalten, verstehen.<\/p>\n<\/div><\/section><\/p><\/div><div  class='flex_column av-nvwto6-0ad743332375cae8cda871f679b17a5c av_one_half  avia-builder-el-6  el_after_av_one_half  avia-builder-el-last  flex_column_div  '     ><style type=\"text\/css\" data-created_by=\"avia_inline_auto\" id=\"style-css-av-lw15t2-dbc88770813a575ace69b76bd244e2fb\">\n.avia-image-container.av-lw15t2-dbc88770813a575ace69b76bd244e2fb img.avia_image{\nbox-shadow:none;\n}\n.avia-image-container.av-lw15t2-dbc88770813a575ace69b76bd244e2fb .av-image-caption-overlay-center{\ncolor:#ffffff;\n}\n<\/style>\n<div  class='avia-image-container av-lw15t2-dbc88770813a575ace69b76bd244e2fb av-styling- avia-align-center  avia-builder-el-7  avia-builder-el-no-sibling '   itemprop=\"image\" itemscope=\"itemscope\" itemtype=\"https:\/\/schema.org\/ImageObject\" ><div class=\"avia-image-container-inner\"><div class=\"avia-image-overlay-wrap\"><img decoding=\"async\" fetchpriority=\"high\" class='wp-image-2814 avia-img-lazy-loading-not-2814 avia_image ' src=\"https:\/\/www.aoc-training.de\/wp-content\/uploads\/2023\/07\/non-verbal-600x600_graphics.gif\" alt='' title='non-verbal-600x600_graphics'  height=\"600\" width=\"600\"  itemprop=\"thumbnailUrl\"  \/><\/div><\/div><\/div><\/div><\/div><\/div><\/div><!-- close content main div --><\/div><\/div><div id='av_section_3'  class='avia-section av-kz4ymu-43d8cedc3efed88d11518c60fa29bd5d main_color avia-section-default avia-no-shadow  avia-builder-el-8  el_after_av_section  el_before_av_section  avia-bg-style-scroll container_wrap fullsize'  ><div class='container av-section-cont-open' ><div class='template-page content  av-content-full alpha units'><div class='post-entry post-entry-type-page post-entry-1590'><div class='entry-content-wrapper clearfix'>\n<div  class='flex_column av-j75pyu-ec5b0710557ad15bf5af5b19e46d5e87 av_one_half  avia-builder-el-9  el_before_av_one_half  avia-builder-el-first  first flex_column_div  '     ><p>\n<style type=\"text\/css\" data-created_by=\"avia_inline_auto\" id=\"style-css-av-hl3bc6-23b1388861babb57f24e16d8f89d163a\">\n#top .av-special-heading.av-hl3bc6-23b1388861babb57f24e16d8f89d163a{\npadding-bottom:18px;\nfont-size:28px;\n}\nbody .av-special-heading.av-hl3bc6-23b1388861babb57f24e16d8f89d163a .av-special-heading-tag .heading-char{\nfont-size:25px;\n}\n#top #wrap_all .av-special-heading.av-hl3bc6-23b1388861babb57f24e16d8f89d163a .av-special-heading-tag{\nfont-size:28px;\n}\n.av-special-heading.av-hl3bc6-23b1388861babb57f24e16d8f89d163a .av-subheading{\nfont-size:15px;\n}\n\n@media only screen and (min-width: 480px) and (max-width: 767px){ \n#top #wrap_all .av-special-heading.av-hl3bc6-23b1388861babb57f24e16d8f89d163a .av-special-heading-tag{\nfont-size:0.8em;\n}\n}\n\n@media only screen and (max-width: 479px){ \n#top #wrap_all .av-special-heading.av-hl3bc6-23b1388861babb57f24e16d8f89d163a .av-special-heading-tag{\nfont-size:0.8em;\n}\n}\n<\/style>\n<div  class='av-special-heading av-hl3bc6-23b1388861babb57f24e16d8f89d163a av-special-heading-h2 blockquote modern-quote  avia-builder-el-10  el_before_av_textblock  avia-builder-el-first  av-inherit-size'><h2 class='av-special-heading-tag'  itemprop=\"headline\"  >Zielgruppe<\/h2><div class=\"special-heading-border\"><div class=\"special-heading-inner-border\"><\/div><\/div><\/div><br \/>\n<section  class='av_textblock_section av-fs8zue-0c2620752711430e47323bff504f8489 '   itemscope=\"itemscope\" itemtype=\"https:\/\/schema.org\/CreativeWork\" ><div class='avia_textblock'  itemprop=\"text\" ><p>Dozent_innen\/Trainer_innen\/Referent_innen, Personalverantwortliche, F\u00fchrungskr\u00e4fte, alle, die in ihrem beruflichen oder privaten Leben darauf angewiesen sind, andere zu motivieren, inspirieren und zu \u00fcberzeugen. Dieses AOC Training ist schlicht f\u00fcr alle, die ihre Kommunikationsf\u00e4higkeiten verbessern m\u00f6chten.<\/p>\n<\/div><\/section><\/p><\/div><div  class='flex_column av-e7hbba-8123460e5ad92feb1df46115e65c2e0c av_one_half  avia-builder-el-12  el_after_av_one_half  el_before_av_promobox  flex_column_div  '     ><p>\n<style type=\"text\/css\" data-created_by=\"avia_inline_auto\" id=\"style-css-av-cd2mhy-f73e73976632e8981c723cef8c48d36a\">\n#top .av-special-heading.av-cd2mhy-f73e73976632e8981c723cef8c48d36a{\npadding-bottom:18px;\nfont-size:28px;\n}\nbody .av-special-heading.av-cd2mhy-f73e73976632e8981c723cef8c48d36a .av-special-heading-tag .heading-char{\nfont-size:25px;\n}\n#top #wrap_all .av-special-heading.av-cd2mhy-f73e73976632e8981c723cef8c48d36a .av-special-heading-tag{\nfont-size:28px;\n}\n.av-special-heading.av-cd2mhy-f73e73976632e8981c723cef8c48d36a .av-subheading{\nfont-size:15px;\n}\n\n@media only screen and (min-width: 480px) and (max-width: 767px){ \n#top #wrap_all .av-special-heading.av-cd2mhy-f73e73976632e8981c723cef8c48d36a .av-special-heading-tag{\nfont-size:0.8em;\n}\n}\n\n@media only screen and (max-width: 479px){ \n#top #wrap_all .av-special-heading.av-cd2mhy-f73e73976632e8981c723cef8c48d36a .av-special-heading-tag{\nfont-size:0.8em;\n}\n}\n<\/style>\n<div  class='av-special-heading av-cd2mhy-f73e73976632e8981c723cef8c48d36a av-special-heading-h2 blockquote modern-quote  avia-builder-el-13  el_before_av_textblock  avia-builder-el-first  av-inherit-size'><h2 class='av-special-heading-tag'  itemprop=\"headline\"  >Dauer des Training<\/h2><div class=\"special-heading-border\"><div class=\"special-heading-inner-border\"><\/div><\/div><\/div><br \/>\n<section  class='av_textblock_section av-b5ju6e-54216fd26c819550fcf57df9aa08d8d3 '   itemscope=\"itemscope\" itemtype=\"https:\/\/schema.org\/CreativeWork\" ><div class='avia_textblock'  itemprop=\"text\" ><p>Das Training dauert ein bis zwei Tage.<\/p>\n<\/div><\/section><\/p><\/div><div  class='av_promobox av-yq8xy-549845507b683a6f66f7b45820cd55cf avia-button-yes  avia-builder-el-15  el_after_av_one_half  avia-builder-el-last '><div class='avia-promocontent'><p>Lieber ein privates Coaching?<\/p>\n<\/div><div  class='avia-button-wrap av-yq8xy-ff2eb9390fd4d8fff99e16c5e00fc4ff-wrap avia-button-right '><a href='https:\/\/www.aoc-training.de\/de\/coachings\/'  class='avia-button av-yq8xy-ff2eb9390fd4d8fff99e16c5e00fc4ff avia-icon_select-no avia-size-large avia-position-right avia-color-theme-color'  ><span class='avia_iconbox_title' >Sehen Sie \"Coaching\"<\/span><\/a><\/div><\/div>\n<\/p>\n<\/div><\/div><\/div><!-- close content main div --><\/div><\/div><div id='av_section_4'  class='avia-section av-87kw7q-3af572f9e5da24e1f17d69e050c55d53 main_color avia-section-default avia-no-shadow  avia-builder-el-16  el_after_av_section  avia-builder-el-last  avia-bg-style-scroll container_wrap fullsize'  ><div class='container av-section-cont-open' ><div class='template-page content  av-content-full alpha units'><div class='post-entry post-entry-type-page post-entry-1590'><div class='entry-content-wrapper clearfix'>\n<div  class='flex_column av-5f22fq-bccb924e294a855c81c617af44ccce2a av_two_third  avia-builder-el-17  avia-builder-el-no-sibling  first flex_column_div  '     ><p>\n<style type=\"text\/css\" data-created_by=\"avia_inline_auto\" id=\"style-css-av-4j3iom-294cedc87c772a6b109017f15e3e0f6d\">\n#top .av-special-heading.av-4j3iom-294cedc87c772a6b109017f15e3e0f6d{\npadding-bottom:18px;\nfont-size:28px;\n}\nbody .av-special-heading.av-4j3iom-294cedc87c772a6b109017f15e3e0f6d .av-special-heading-tag .heading-char{\nfont-size:25px;\n}\n#top #wrap_all .av-special-heading.av-4j3iom-294cedc87c772a6b109017f15e3e0f6d .av-special-heading-tag{\nfont-size:28px;\n}\n.av-special-heading.av-4j3iom-294cedc87c772a6b109017f15e3e0f6d .av-subheading{\nfont-size:15px;\n}\n\n@media only screen and (min-width: 480px) and (max-width: 767px){ \n#top #wrap_all .av-special-heading.av-4j3iom-294cedc87c772a6b109017f15e3e0f6d .av-special-heading-tag{\nfont-size:0.8em;\n}\n}\n\n@media only screen and (max-width: 479px){ \n#top #wrap_all .av-special-heading.av-4j3iom-294cedc87c772a6b109017f15e3e0f6d .av-special-heading-tag{\nfont-size:0.8em;\n}\n}\n<\/style>\n<div  class='av-special-heading av-4j3iom-294cedc87c772a6b109017f15e3e0f6d av-special-heading-h2 blockquote modern-quote  avia-builder-el-18  el_before_av_textblock  avia-builder-el-first  av-inherit-size'><h2 class='av-special-heading-tag'  itemprop=\"headline\"  >Sie lernen<\/h2><div class=\"special-heading-border\"><div class=\"special-heading-inner-border\"><\/div><\/div><\/div><br \/>\n<section  class='av_textblock_section av-2wx95y-96c60175346ff67ec0b527e233183034 '   itemscope=\"itemscope\" itemtype=\"https:\/\/schema.org\/CreativeWork\" ><div class='avia_textblock'  itemprop=\"text\" ><p>In diesem <b>AOC<\/b> Training lernen Sie\u2026<\/p>\n<ul>\n<li>ein Bewusstsein und ein Verst\u00e4ndnis f\u00fcr non-verbale Kommunikation zu entwickeln<\/li>\n<li>die F\u00e4higkeiten und die Sensibilit\u00e4t zum bewussten Einsatz von K\u00f6rpersprache<\/li>\n<li>spezielle Techniken f\u00fcr die Nutzung unterschiedlicher Aspekte non-verbaler Kommunikation: Bewegung, Haltung, Augenkontakt, Parasprache, N\u00e4he und Distanz zu Ihrem Gegen\u00fcber und Mimik<\/li>\n<li>implizite Botschaften zu erkennen und wie diese die Kommunikation beeinflussen<\/li>\n<li>Ihre K\u00f6rpersprache gekonnt einzusetzen um &#8218;Rapport&#8216; herzustellen und um Gespr\u00e4che weiter zu f\u00fchren<\/li>\n<li>mit non-verbalen Botschaften gezielt Beziehungen aufzubauen und zu festigen<\/li>\n<li>mit Hilfe Ihrer K\u00f6rpersprache Feedback zu geben und gleichzeitig Beziehungen zu bewahren<\/li>\n<li><b><\/b><b>die Macht der Kongruenz, um verbale und non-verbale Kommunikation in Einklang zu bringen.<\/b><\/li>\n<\/ul>\n<\/div><\/section><\/p><\/div>\n\n","protected":false},"excerpt":{"rendered":"","protected":false},"author":1,"featured_media":0,"parent":1475,"menu_order":0,"comment_status":"closed","ping_status":"open","template":"","meta":{"footnotes":""},"class_list":["post-1590","page","type-page","status-publish","hentry"],"_links":{"self":[{"href":"https:\/\/www.aoc-training.de\/de\/wp-json\/wp\/v2\/pages\/1590","targetHints":{"allow":["GET"]}}],"collection":[{"href":"https:\/\/www.aoc-training.de\/de\/wp-json\/wp\/v2\/pages"}],"about":[{"href":"https:\/\/www.aoc-training.de\/de\/wp-json\/wp\/v2\/types\/page"}],"author":[{"embeddable":true,"href":"https:\/\/www.aoc-training.de\/de\/wp-json\/wp\/v2\/users\/1"}],"replies":[{"embeddable":true,"href":"https:\/\/www.aoc-training.de\/de\/wp-json\/wp\/v2\/comments?post=1590"}],"version-history":[{"count":0,"href":"https:\/\/www.aoc-training.de\/de\/wp-json\/wp\/v2\/pages\/1590\/revisions"}],"up":[{"embeddable":true,"href":"https:\/\/www.aoc-training.de\/de\/wp-json\/wp\/v2\/pages\/1475"}],"wp:attachment":[{"href":"https:\/\/www.aoc-training.de\/de\/wp-json\/wp\/v2\/media?parent=1590"}],"curies":[{"name":"wp","href":"https:\/\/api.w.org\/{rel}","templated":true}]}}