{"id":2033,"date":"2014-03-14T01:17:41","date_gmt":"2014-03-14T00:17:41","guid":{"rendered":"http:\/\/www.aoc-training.de\/?page_id=2033"},"modified":"2023-07-02T17:35:47","modified_gmt":"2023-07-02T15:35:47","slug":"coachings","status":"publish","type":"page","link":"https:\/\/www.aoc-training.de\/de\/coachings\/","title":{"rendered":"Coachings"},"content":{"rendered":"<div id='av_section_1'  class='avia-section av-2ttt5t-29efe49d2f5ef4a873807d9c7f1217d1 main_color avia-section-default avia-no-shadow  avia-builder-el-0  el_before_av_two_third  avia-builder-el-first  avia-bg-style-scroll container_wrap fullsize'  ><div class='container av-section-cont-open' ><main  role=\"main\" itemprop=\"mainContentOfPage\"  class='template-page content  av-content-full alpha units'><div class='post-entry post-entry-type-page post-entry-2033'><div class='entry-content-wrapper clearfix'>\n<div  class='flex_column av-2rspzl-2afc2d1361a869df40841699d6958b00 av_one_full  avia-builder-el-1  avia-builder-el-no-sibling  first flex_column_div  '     ><style type=\"text\/css\" data-created_by=\"avia_inline_auto\" id=\"style-css-av-q84t8x-a153e0d524cb4b2ae1ecb8e24698b3b5\">\n.avia-image-container.av-q84t8x-a153e0d524cb4b2ae1ecb8e24698b3b5 img.avia_image{\nbox-shadow:none;\n}\n.avia-image-container.av-q84t8x-a153e0d524cb4b2ae1ecb8e24698b3b5 .av-image-caption-overlay-center{\ncolor:#ffffff;\n}\n<\/style>\n<div  class='avia-image-container av-q84t8x-a153e0d524cb4b2ae1ecb8e24698b3b5 av-styling- avia-align-center  avia-builder-el-2  avia-builder-el-no-sibling '   itemprop=\"image\" itemscope=\"itemscope\" itemtype=\"https:\/\/schema.org\/ImageObject\" ><div class=\"avia-image-container-inner\"><div class=\"avia-image-overlay-wrap\"><img decoding=\"async\" fetchpriority=\"high\" class='wp-image-2832 avia-img-lazy-loading-not-2832 avia_image ' src=\"https:\/\/www.aoc-training.de\/wp-content\/uploads\/2023\/07\/20DE-coaching-1b-AOC.gif\" alt='' title='20DE-coaching-1b-AOC'  height=\"430\" width=\"1500\"  itemprop=\"thumbnailUrl\"  \/><\/div><\/div><\/div><\/div><\/div><\/div><\/main><!-- close content main element --><\/div><\/div><div id='after_section_1'  class='main_color av_default_container_wrap container_wrap fullsize'  ><div class='container av-section-cont-open' ><div class='template-page content  av-content-full alpha units'><div class='post-entry post-entry-type-page post-entry-2033'><div class='entry-content-wrapper clearfix'><div  class='flex_column av-njt3a9-78e0b0efff9b7bf3cb5c38230712221a av_two_third  avia-builder-el-3  el_after_av_section  el_before_av_section  avia-builder-el-no-sibling  first flex_column_div  '     ><p>\n<style type=\"text\/css\" data-created_by=\"avia_inline_auto\" id=\"style-css-av-m0khs1-f34b3f5a938ea577239e2a44013b3368\">\n#top .av-special-heading.av-m0khs1-f34b3f5a938ea577239e2a44013b3368{\npadding-bottom:10px;\nfont-size:28px;\n}\nbody .av-special-heading.av-m0khs1-f34b3f5a938ea577239e2a44013b3368 .av-special-heading-tag .heading-char{\nfont-size:25px;\n}\n#top #wrap_all .av-special-heading.av-m0khs1-f34b3f5a938ea577239e2a44013b3368 .av-special-heading-tag{\nfont-size:28px;\n}\n.av-special-heading.av-m0khs1-f34b3f5a938ea577239e2a44013b3368 .av-subheading{\nfont-size:15px;\n}\n\n@media only screen and (min-width: 480px) and (max-width: 767px){ \n#top #wrap_all .av-special-heading.av-m0khs1-f34b3f5a938ea577239e2a44013b3368 .av-special-heading-tag{\nfont-size:0.8em;\n}\n}\n\n@media only screen and (max-width: 479px){ \n#top #wrap_all .av-special-heading.av-m0khs1-f34b3f5a938ea577239e2a44013b3368 .av-special-heading-tag{\nfont-size:0.8em;\n}\n}\n<\/style>\n<div  class='av-special-heading av-m0khs1-f34b3f5a938ea577239e2a44013b3368 av-special-heading-h2 blockquote modern-quote  avia-builder-el-4  el_before_av_textblock  avia-builder-el-first  av-inherit-size'><h2 class='av-special-heading-tag'  itemprop=\"headline\"  >Coachings bei AOC<\/h2><div class=\"special-heading-border\"><div class=\"special-heading-inner-border\"><\/div><\/div><\/div><br \/>\n<section  class='av_textblock_section av-20hs6p-183b04edd1fc23bb6e40dec167dc5113 '   itemscope=\"itemscope\" itemtype=\"https:\/\/schema.org\/CreativeWork\" ><div class='avia_textblock'  itemprop=\"text\" ><p><b>AOC<\/b>\u00a0bietet individuelle Coachings f\u00fcr alle, die in einem privaten Rahmen spezielle Themen angehen m\u00f6chten. Auf diesem Weg kann\u00a0<b>AOC<\/b>\u00a0Ihnen helfen, Ihre Ziele schneller zu erreichen.<\/p>\n<p><b>Alle Themen<\/b>, die auf den\u00a0<b>AOC<\/b>-Seiten pr\u00e4sentiert werden, k\u00f6nnen im Rahmen privater Coachings bearbeitet werden. Dabei k\u00f6nnen sowohl berufliche als auch private Themen angesprochen werden.<\/p>\n<\/div><\/section><\/p><\/div><\/p>\n<\/div><\/div><\/div><!-- close content main div --><\/div><\/div><div id='av_section_2'  class='avia-section av-jkvcdd-4dec92bb5552ae8e496517a70f89755d main_color avia-section-default avia-no-shadow  avia-builder-el-6  el_after_av_two_third  el_before_av_section  avia-bg-style-scroll container_wrap fullsize'  ><div class='container av-section-cont-open' ><div class='template-page content  av-content-full alpha units'><div class='post-entry post-entry-type-page post-entry-2033'><div class='entry-content-wrapper clearfix'>\n<div  class='flex_column av-hdaz35-6904ec0f74de8c0cf06c60813da8f589 av_one_half  avia-builder-el-7  el_before_av_one_half  avia-builder-el-first  first flex_column_div  '     ><p>\n<style type=\"text\/css\" data-created_by=\"avia_inline_auto\" id=\"style-css-av-gj8dbl-0134f407848510766b8d4fd10ef6044f\">\n#top .av-special-heading.av-gj8dbl-0134f407848510766b8d4fd10ef6044f{\npadding-bottom:10px;\nfont-size:28px;\n}\nbody .av-special-heading.av-gj8dbl-0134f407848510766b8d4fd10ef6044f .av-special-heading-tag .heading-char{\nfont-size:25px;\n}\n#top #wrap_all .av-special-heading.av-gj8dbl-0134f407848510766b8d4fd10ef6044f .av-special-heading-tag{\nfont-size:28px;\n}\n.av-special-heading.av-gj8dbl-0134f407848510766b8d4fd10ef6044f .av-subheading{\nfont-size:15px;\n}\n\n@media only screen and (min-width: 480px) and (max-width: 767px){ \n#top #wrap_all .av-special-heading.av-gj8dbl-0134f407848510766b8d4fd10ef6044f .av-special-heading-tag{\nfont-size:0.8em;\n}\n}\n\n@media only screen and (max-width: 479px){ \n#top #wrap_all .av-special-heading.av-gj8dbl-0134f407848510766b8d4fd10ef6044f .av-special-heading-tag{\nfont-size:0.8em;\n}\n}\n<\/style>\n<div  class='av-special-heading av-gj8dbl-0134f407848510766b8d4fd10ef6044f av-special-heading-h2 blockquote modern-quote  avia-builder-el-8  el_before_av_textblock  avia-builder-el-first  av-inherit-size'><h2 class='av-special-heading-tag'  itemprop=\"headline\"  >F\u00dcR WEN<\/h2><div class=\"special-heading-border\"><div class=\"special-heading-inner-border\"><\/div><\/div><\/div><br \/>\n<section  class='av_textblock_section av-dr1z2p-21fb067b6aa896e9af134f6b6684b3e8 '   itemscope=\"itemscope\" itemtype=\"https:\/\/schema.org\/CreativeWork\" ><div class='avia_textblock'  itemprop=\"text\" ><p>F\u00fcr alle, die ihre Themen und Ziele im privaten Rahmen bearbeiten m\u00f6chten.<\/p>\n<\/div><\/section><\/p><\/div><div  class='flex_column av-c2jov5-68d05072145eb862963f44dfba8fd425 av_one_half  avia-builder-el-10  el_after_av_one_half  avia-builder-el-last  flex_column_div  '     ><p>\n<style type=\"text\/css\" data-created_by=\"avia_inline_auto\" id=\"style-css-av-bfpadt-dded022498afa4b4d8a2ee08f1a2e389\">\n#top .av-special-heading.av-bfpadt-dded022498afa4b4d8a2ee08f1a2e389{\npadding-bottom:10px;\nfont-size:28px;\n}\nbody .av-special-heading.av-bfpadt-dded022498afa4b4d8a2ee08f1a2e389 .av-special-heading-tag .heading-char{\nfont-size:25px;\n}\n#top #wrap_all .av-special-heading.av-bfpadt-dded022498afa4b4d8a2ee08f1a2e389 .av-special-heading-tag{\nfont-size:28px;\n}\n.av-special-heading.av-bfpadt-dded022498afa4b4d8a2ee08f1a2e389 .av-subheading{\nfont-size:15px;\n}\n\n@media only screen and (min-width: 480px) and (max-width: 767px){ \n#top #wrap_all .av-special-heading.av-bfpadt-dded022498afa4b4d8a2ee08f1a2e389 .av-special-heading-tag{\nfont-size:0.8em;\n}\n}\n\n@media only screen and (max-width: 479px){ \n#top #wrap_all .av-special-heading.av-bfpadt-dded022498afa4b4d8a2ee08f1a2e389 .av-special-heading-tag{\nfont-size:0.8em;\n}\n}\n<\/style>\n<div  class='av-special-heading av-bfpadt-dded022498afa4b4d8a2ee08f1a2e389 av-special-heading-h2 blockquote modern-quote  avia-builder-el-11  el_before_av_textblock  avia-builder-el-first  av-inherit-size'><h2 class='av-special-heading-tag'  itemprop=\"headline\"  >DAUER<\/h2><div class=\"special-heading-border\"><div class=\"special-heading-inner-border\"><\/div><\/div><\/div><br \/>\n<section  class='av_textblock_section av-8ut0v5-689881b5c6c6adf26c0e640939410d62 '   itemscope=\"itemscope\" itemtype=\"https:\/\/schema.org\/CreativeWork\" ><div class='avia_textblock'  itemprop=\"text\" ><p>Anhand der Ziele, Bed\u00fcrfnisse, und Vorkenntnisse wird die genaue Dauer bestimmt.\u00a0 <a title=\"FAQs\" href=\"http:\/\/www.aoc-training.de\/?page_id=624&amp;lang=de\">Bitte lesen Sie mehr unter FAQ.<\/a><\/p>\n<\/div><\/section><\/p><\/div>\n\n<\/div><\/div><\/div><!-- close content main div --><\/div><\/div><div id='av_section_3'  class='avia-section av-7ffbcx-9c6e7adb5b4afd11ec741fc732b6c3e7 main_color avia-section-default avia-no-shadow  avia-builder-el-13  el_after_av_section  avia-builder-el-last  avia-bg-style-scroll container_wrap fullsize'  ><div class='container av-section-cont-open' ><div class='template-page content  av-content-full alpha units'><div class='post-entry post-entry-type-page post-entry-2033'><div class='entry-content-wrapper clearfix'>\n<div  class='flex_column av-5no7wh-8f3ca6e7fd327902b89b7b1541071e47 av_two_third  avia-builder-el-14  avia-builder-el-no-sibling  first flex_column_div  '     ><p>\n<style type=\"text\/css\" data-created_by=\"avia_inline_auto\" id=\"style-css-av-4ghne9-15e6f20c487e37e6efe533ad779a3361\">\n#top .av-special-heading.av-4ghne9-15e6f20c487e37e6efe533ad779a3361{\npadding-bottom:10px;\nfont-size:28px;\n}\nbody .av-special-heading.av-4ghne9-15e6f20c487e37e6efe533ad779a3361 .av-special-heading-tag .heading-char{\nfont-size:25px;\n}\n#top #wrap_all .av-special-heading.av-4ghne9-15e6f20c487e37e6efe533ad779a3361 .av-special-heading-tag{\nfont-size:28px;\n}\n.av-special-heading.av-4ghne9-15e6f20c487e37e6efe533ad779a3361 .av-subheading{\nfont-size:15px;\n}\n\n@media only screen and (min-width: 480px) and (max-width: 767px){ \n#top #wrap_all .av-special-heading.av-4ghne9-15e6f20c487e37e6efe533ad779a3361 .av-special-heading-tag{\nfont-size:0.8em;\n}\n}\n\n@media only screen and (max-width: 479px){ \n#top #wrap_all .av-special-heading.av-4ghne9-15e6f20c487e37e6efe533ad779a3361 .av-special-heading-tag{\nfont-size:0.8em;\n}\n}\n<\/style>\n<div  class='av-special-heading av-4ghne9-15e6f20c487e37e6efe533ad779a3361 av-special-heading-h2 blockquote modern-quote  avia-builder-el-15  el_before_av_textblock  avia-builder-el-first  av-inherit-size'><h2 class='av-special-heading-tag'  itemprop=\"headline\"  >In welchen F\u00e4llen lohnt sich ein privates Coaching?<\/h2><div class=\"special-heading-border\"><div class=\"special-heading-inner-border\"><\/div><\/div><\/div><br \/>\n<section  class='av_textblock_section av-1uxdoh-70a10847ce5bbd668afd31f4b886811b '   itemscope=\"itemscope\" itemtype=\"https:\/\/schema.org\/CreativeWork\" ><div class='avia_textblock'  itemprop=\"text\" ><p><strong>Im Folgenden werden ein paar beispielhafte Situationen vorgestellt, in denen ein privates Coaching sinnvoll sein kann:<\/strong><\/p>\n<ul>\n<li>Ein <strong>wichtiges Ereignis<\/strong> steht bevor und Sie bevorzugen ein privates Coaching gegen\u00fcber einem Gruppentraining.<\/li>\n<li>Der Umgang mit Ihrer <strong>Nervosit\u00e4t<\/strong> ist f\u00fcr Sie ein Thema vor einer Pr\u00e4sentation oder einem Projekt.<\/li>\n<li>Sie suchen nach neuen Wegen <strong>Selbstbewusstsein<\/strong> in Ihrem beruflichen oder privaten Leben aufzubauen.<\/li>\n<li>Beruflich stehen Sie vor neuen <strong>Herausforderungen<\/strong>, beispielsweise der Schwierigkeit erfolgreiche Beziehungen mit Kolleg\u00ad_innen, Vorgesetzen oder anspruchsvollen Kund_innen zu etablieren.<\/li>\n<li>Sie haben eine neue Stelle als <strong>Teamleiter_in<\/strong> angenommen oder suchen nach neuer Inspiration f\u00fcr Ihre Leitung eines bestehenden Teams.<\/li>\n<li>Sie befinden sich in einer Sackgasse, dabei w\u00fcnschen sie sich vorw\u00e4rts zu kommen und <strong>Entscheidungen<\/strong> \u00fcber Ihr Leben oder andere wichtige Angelegenheiten zu treffen \u2013 egal ob privat oder beruflich.<\/li>\n<li>Sie sind unentschlossen und haben Probleme damit eingegangene Verpflichtungen und Herausforderungen <strong>zum Ende zu bringen<\/strong>.<\/li>\n<li>Ihr aktueller Kommunikationsstil scheitert und f\u00fchrt st\u00e4ndig zu Missverst\u00e4ndnissen und Schwierigkeiten in der <strong>Interaktion mit anderen.<\/strong><\/li>\n<li>Sie entwerfen ein <strong>Trainingsprogramm<\/strong> und suchen nach neuen und kreativen Wegen um Ihr Publikum zu erreichen.<\/li>\n<li>Sie wollen <strong>Lernbarrieren<\/strong> durchbrechen, Ihren eigenen Lernstil entdecken und Ihre Aufnahmekapazit\u00e4t f\u00fcr neues Wissen vergr\u00f6\u00dfern.<\/li>\n<li><strong>Und schlie\u00dflich f\u00fcr alle, die nach neuen Inspirationen suchen, eine neue Perspektive auf ein Problem, ein Produkt oder eine Aufgabe entdecken m\u00f6chten.<\/strong><\/li>\n<\/ul>\n<p>Unsere Coachings werden individuell konzipiert \u2013 mit 30-j\u00e4hriger Erfahrung und mit den neuesten wissenschaftlichen Erkenntnissen im Feld der Kommunikation und des Lernens.<\/p>\n<\/div><\/section><\/p><\/div>\n\n","protected":false},"excerpt":{"rendered":"","protected":false},"author":1,"featured_media":0,"parent":0,"menu_order":0,"comment_status":"open","ping_status":"open","template":"","meta":{"footnotes":""},"class_list":["post-2033","page","type-page","status-publish","hentry"],"_links":{"self":[{"href":"https:\/\/www.aoc-training.de\/de\/wp-json\/wp\/v2\/pages\/2033","targetHints":{"allow":["GET"]}}],"collection":[{"href":"https:\/\/www.aoc-training.de\/de\/wp-json\/wp\/v2\/pages"}],"about":[{"href":"https:\/\/www.aoc-training.de\/de\/wp-json\/wp\/v2\/types\/page"}],"author":[{"embeddable":true,"href":"https:\/\/www.aoc-training.de\/de\/wp-json\/wp\/v2\/users\/1"}],"replies":[{"embeddable":true,"href":"https:\/\/www.aoc-training.de\/de\/wp-json\/wp\/v2\/comments?post=2033"}],"version-history":[{"count":0,"href":"https:\/\/www.aoc-training.de\/de\/wp-json\/wp\/v2\/pages\/2033\/revisions"}],"wp:attachment":[{"href":"https:\/\/www.aoc-training.de\/de\/wp-json\/wp\/v2\/media?parent=2033"}],"curies":[{"name":"wp","href":"https:\/\/api.w.org\/{rel}","templated":true}]}}