{"id":407,"date":"2013-04-01T20:27:36","date_gmt":"2013-04-01T20:27:36","guid":{"rendered":"http:\/\/www.aoc-training.de\/?page_id=407"},"modified":"2013-04-04T08:54:13","modified_gmt":"2013-04-04T08:54:13","slug":"visualisierungs-und-entspannungsmethoden","status":"publish","type":"page","link":"https:\/\/www.aoc-training.de\/de\/visualisierungs-und-entspannungsmethoden\/","title":{"rendered":"Visualisierungs- und Entspannungsmethoden"},"content":{"rendered":"<ul>\n<li>Absichten von Visualisierungs- und Entspannungsmethoden<\/li>\n<li>Auswahl geeigneter, begleitender\u00a0<a title=\"Die positive Lernwirkung von Musik\" href=\"\/web\/?page_id=402\">Musik<\/a><\/li>\n<li>Techniken zur Entwicklung von geleiteten Phantasiereisen f\u00fcr die spezifische Lerngruppe bzw. den aktuellen Lernstoff<\/li>\n<li>Methoden f\u00fcr eine effektive Pr\u00e4sentation des zu vermittelnden Lernstoffes<\/li>\n<\/ul>\n","protected":false},"excerpt":{"rendered":"<p>Absichten von Visualisierungs- und Entspannungsmethoden Auswahl geeigneter, begleitender\u00a0Musik Techniken zur Entwicklung von geleiteten Phantasiereisen f\u00fcr die spezifische Lerngruppe bzw. den aktuellen Lernstoff Methoden f\u00fcr eine effektive Pr\u00e4sentation des zu vermittelnden Lernstoffes<\/p>\n","protected":false},"author":1,"featured_media":0,"parent":0,"menu_order":0,"comment_status":"closed","ping_status":"closed","template":"","meta":{"footnotes":""},"class_list":["post-407","page","type-page","status-publish","hentry"],"_links":{"self":[{"href":"https:\/\/www.aoc-training.de\/de\/wp-json\/wp\/v2\/pages\/407","targetHints":{"allow":["GET"]}}],"collection":[{"href":"https:\/\/www.aoc-training.de\/de\/wp-json\/wp\/v2\/pages"}],"about":[{"href":"https:\/\/www.aoc-training.de\/de\/wp-json\/wp\/v2\/types\/page"}],"author":[{"embeddable":true,"href":"https:\/\/www.aoc-training.de\/de\/wp-json\/wp\/v2\/users\/1"}],"replies":[{"embeddable":true,"href":"https:\/\/www.aoc-training.de\/de\/wp-json\/wp\/v2\/comments?post=407"}],"version-history":[{"count":0,"href":"https:\/\/www.aoc-training.de\/de\/wp-json\/wp\/v2\/pages\/407\/revisions"}],"wp:attachment":[{"href":"https:\/\/www.aoc-training.de\/de\/wp-json\/wp\/v2\/media?parent=407"}],"curies":[{"name":"wp","href":"https:\/\/api.w.org\/{rel}","templated":true}]}}